{"id":3544,"date":"2016-11-04T09:53:39","date_gmt":"2016-11-04T08:53:39","guid":{"rendered":"http:\/\/prevencion.umh.es\/?page_id=3544"},"modified":"2020-09-24T20:53:16","modified_gmt":"2020-09-24T18:53:16","slug":"aplicacion-para-la-seleccion-de-mascaras-para-protegernos-de-bioaerosoles","status":"publish","type":"page","link":"https:\/\/prevencion.umh.es\/ca\/01-presentacion\/aplicaciones-multimedia-sobre-temas-de-higiene\/aplicacion-para-la-seleccion-de-mascaras-para-protegernos-de-bioaerosoles\/","title":{"rendered":"<span lang=\"es\">(Espa\u00f1ol) Aplicaci\u00f3n para la selecci\u00f3n de m\u00e1scaras para protegernos de bioaerosoles<\/span>"},"content":{"rendered":"<p class=\"qtranxs-available-languages-message qtranxs-available-languages-message-ca\">Ho sentim, aquesta entrada es troba disponible \u00fanicament en <a href=\"https:\/\/prevencion.umh.es\/es\/wp-json\/wp\/v2\/pages\/3544\" class=\"qtranxs-available-language-link qtranxs-available-language-link-es\" title=\"Espa\u00f1ol\">Espanyol Europeu<\/a>.<\/p>","protected":false},"excerpt":{"rendered":"<p>Ho sentim, aquesta entrada es troba disponible \u00fanicament en Espanyol Europeu.<\/p>\n","protected":false},"author":134,"featured_media":0,"parent":3543,"menu_order":35,"comment_status":"closed","ping_status":"closed","template":"","meta":{"_links_to":"","_links_to_target":""},"_links":{"self":[{"href":"https:\/\/prevencion.umh.es\/ca\/wp-json\/wp\/v2\/pages\/3544"}],"collection":[{"href":"https:\/\/prevencion.umh.es\/ca\/wp-json\/wp\/v2\/pages"}],"about":[{"href":"https:\/\/prevencion.umh.es\/ca\/wp-json\/wp\/v2\/types\/page"}],"author":[{"embeddable":true,"href":"https:\/\/prevencion.umh.es\/ca\/wp-json\/wp\/v2\/users\/134"}],"replies":[{"embeddable":true,"href":"https:\/\/prevencion.umh.es\/ca\/wp-json\/wp\/v2\/comments?post=3544"}],"version-history":[{"count":0,"href":"https:\/\/prevencion.umh.es\/ca\/wp-json\/wp\/v2\/pages\/3544\/revisions"}],"up":[{"embeddable":true,"href":"https:\/\/prevencion.umh.es\/ca\/wp-json\/wp\/v2\/pages\/3543"}],"wp:attachment":[{"href":"https:\/\/prevencion.umh.es\/ca\/wp-json\/wp\/v2\/media?parent=3544"}],"curies":[{"name":"wp","href":"https:\/\/api.w.org\/{rel}","templated":true}]}}