{"id":4337,"date":"2019-09-25T13:58:42","date_gmt":"2019-09-25T11:58:42","guid":{"rendered":"https:\/\/prevencion.umh.es\/?page_id=4337"},"modified":"2020-03-24T14:02:56","modified_gmt":"2020-03-24T13:02:56","slug":"informacion-util-sobre-ergonomia","status":"publish","type":"page","link":"https:\/\/prevencion.umh.es\/ca\/01-presentacion\/material-multimedia-informativo\/informacion-util-sobre-ergonomia\/","title":{"rendered":"<span lang=\"es\">(Espa\u00f1ol) Informaci\u00f3n \u00fatil sobre Ergonom\u00eda<\/span>"},"content":{"rendered":"<p class=\"qtranxs-available-languages-message qtranxs-available-languages-message-ca\">Ho sentim, aquesta entrada es troba disponible \u00fanicament en <a href=\"https:\/\/prevencion.umh.es\/es\/wp-json\/wp\/v2\/pages\/4337\" class=\"qtranxs-available-language-link qtranxs-available-language-link-es\" title=\"Espa\u00f1ol\">Espanyol Europeu<\/a> i <a href=\"https:\/\/prevencion.umh.es\/en\/wp-json\/wp\/v2\/pages\/4337\" class=\"qtranxs-available-language-link qtranxs-available-language-link-en\" title=\"English\">Angl\u00e8s Americ\u00e0<\/a>.<\/p>","protected":false},"excerpt":{"rendered":"<p>Ho sentim, aquesta entrada es troba disponible \u00fanicament en Espanyol Europeu i Angl\u00e8s Americ\u00e0.<\/p>\n","protected":false},"author":139,"featured_media":0,"parent":2751,"menu_order":5,"comment_status":"closed","ping_status":"closed","template":"","meta":{"_links_to":"","_links_to_target":""},"_links":{"self":[{"href":"https:\/\/prevencion.umh.es\/ca\/wp-json\/wp\/v2\/pages\/4337"}],"collection":[{"href":"https:\/\/prevencion.umh.es\/ca\/wp-json\/wp\/v2\/pages"}],"about":[{"href":"https:\/\/prevencion.umh.es\/ca\/wp-json\/wp\/v2\/types\/page"}],"author":[{"embeddable":true,"href":"https:\/\/prevencion.umh.es\/ca\/wp-json\/wp\/v2\/users\/139"}],"replies":[{"embeddable":true,"href":"https:\/\/prevencion.umh.es\/ca\/wp-json\/wp\/v2\/comments?post=4337"}],"version-history":[{"count":0,"href":"https:\/\/prevencion.umh.es\/ca\/wp-json\/wp\/v2\/pages\/4337\/revisions"}],"up":[{"embeddable":true,"href":"https:\/\/prevencion.umh.es\/ca\/wp-json\/wp\/v2\/pages\/2751"}],"wp:attachment":[{"href":"https:\/\/prevencion.umh.es\/ca\/wp-json\/wp\/v2\/media?parent=4337"}],"curies":[{"name":"wp","href":"https:\/\/api.w.org\/{rel}","templated":true}]}}