{"id":1652,"date":"2009-04-30T07:34:00","date_gmt":"2009-04-30T05:34:00","guid":{"rendered":"http:\/\/prevencion.zeus.umh.es\/2009\/04\/30\/10-ejemplos-de-documentos\/"},"modified":"2019-01-24T10:43:24","modified_gmt":"2019-01-24T09:43:24","slug":"10-ejemplos-de-documentos","status":"publish","type":"page","link":"https:\/\/prevencion.umh.es\/en\/plan-de-prevencion\/documentacion\/institutos-de-investigacion\/10-ejemplos-de-documentos\/","title":{"rendered":"Ejemplos de Documentos"},"content":{"rendered":"<p><\/p>\n<p><p class=\"MsoNormal\" style=\"margin: 0cm 0cm 0pt\"><span style=\"font-size: 18pt;font-family: Arial\">Se incluyen a continuaci\u00f3n ejemplos de documentos no recogidos en procedimientos y que pueden ser de inter\u00e9s para la gesti\u00f3n documental y operativa en un laboratorio o taller:<\/span><\/p>\n<p class=\"MsoNormal\" style=\"margin: 0cm 0cm 0pt\"><span style=\"font-size: 16pt;font-family: Arial\">\u00a0<\/span><\/p>\n<p class=\"MsoNormal\" style=\"margin: 0cm 0cm 0pt 36pt\"><span style=\"font-size: 16pt;font-family: Symbol\"><span>\u00b7<span>\u00a0\u00a0\u00a0\u00a0\u00a0\u00a0 <\/span><\/span><\/span><strong><span style=\"font-size: 16pt;font-family: Arial\">Programa de actividad preventiva: <\/span><\/strong><span style=\"font-size: 16pt;font-family: Arial\">Introducci\u00f3n<strong> <\/strong><span>\u00a0<\/span>y ejemplo de programa. <\/span><\/p>\n<p class=\"MsoNormal\" style=\"margin: 0cm 0cm 0pt 36pt\"><span style=\"font-size: 16pt;font-family: Arial\"><a href=\"https:\/\/prevencion.umh.es\/files\/2011\/09\/introduccion-al-programa-actividad-preventiva-centro.doc\">introduccion-al-programa-actividad-preventiva-centro<\/a><\/span><\/p>\n<p class=\"MsoNormal\" style=\"margin: 0cm 0cm 0pt 36pt\"><span style=\"font-size: 16pt;font-family: Arial\"><a href=\"https:\/\/prevencion.umh.es\/files\/2011\/09\/ejemplo-de-programa-actividad-preventiva-centro.doc\">ejemplo-de-programa-actividad-preventiva-centro<\/a><\/span><\/p>\n<p class=\"MsoNormal\" style=\"margin: 0cm 0cm 0pt 18pt\"><span style=\"font-size: 16pt;font-family: Arial\">\u00a0<\/span><\/p>\n<p class=\"MsoNormal\" style=\"margin: 0cm 0cm 0pt 36pt\"><span style=\"font-size: 16pt;font-family: Symbol\"><span>\u00b7<span>\u00a0\u00a0\u00a0\u00a0\u00a0\u00a0 <\/span><\/span><\/span><strong><span style=\"font-size: 16pt;font-family: Arial\">Ejemplo de reglamento docente.<\/span><\/strong><\/p>\n<p class=\"MsoNormal\" style=\"margin: 0cm 0cm 0pt 36pt\"><strong><\/strong><span style=\"font-size: 16pt;font-family: Arial\"><a href=\"https:\/\/prevencion.umh.es\/files\/2011\/09\/ejemplo-reglamento-docente.doc\">ejemplo-reglamento-docente<\/a><\/span><\/p>\n<p class=\"MsoNormal\" style=\"margin: 0cm 0cm 0pt\"><span style=\"font-size: 16pt;font-family: Arial\">\u00a0<\/span><\/p>\n<p class=\"MsoNormal\" style=\"margin: 0cm 0cm 0pt 36pt\"><span style=\"font-size: 16pt;font-family: Symbol\"><span>\u00b7<span>\u00a0\u00a0\u00a0\u00a0\u00a0\u00a0 <\/span><\/span><\/span><strong><span style=\"font-size: 16pt;font-family: Arial\">Plan de emergencia<\/span><\/strong><span style=\"font-size: 16pt;font-family: Arial\"> de laboratorio o taller.<\/span><\/p>\n<p class=\"MsoNormal\" style=\"margin: 0cm 0cm 0pt 36pt\"><span style=\"font-size: 16pt;font-family: Arial\"><a href=\"https:\/\/prevencion.umh.es\/files\/2011\/09\/planes-emergencia-laboratorios.doc\">planes-emergencia-laboratorios<\/a><\/span><\/p>\n<p class=\"MsoNormal\" style=\"margin: 0cm 0cm 0pt\"><span style=\"font-size: 16pt;font-family: Arial\">\u00a0<\/span><\/p>\n<p class=\"MsoNormal\" style=\"margin: 0cm 0cm 0pt\"><span style=\"font-size: 16pt;color: red;font-family: Arial\">Ejemplos de planes de emergencias cumplimentados<\/span><\/p>\n<p class=\"MsoNormal\" style=\"margin: 0cm 0cm 0pt\"><span style=\"font-size: 16pt;font-family: Arial\"><a href=\"https:\/\/prevencion.umh.es\/files\/2011\/09\/ejemplo-de-plan-de-emergencia-de-laboratorio-1.doc\">ejemplo-de-plan-de-emergencia-de-laboratorio-1<\/a><\/span><\/p>\n<p class=\"MsoNormal\" style=\"margin: 0cm 0cm 0pt\"><span style=\"font-size: 16pt;font-family: Arial\"><a href=\"https:\/\/prevencion.umh.es\/files\/2011\/09\/ejemplo-de-plan-de-emergencia-de-laboratorio-2.doc\">ejemplo-de-plan-de-emergencia-de-laboratorio-2<\/a><\/span><\/p>\n<p class=\"MsoNormal\" style=\"margin: 0cm 0cm 0pt\"><span style=\"font-size: 16pt;font-family: Arial\"><a href=\"https:\/\/prevencion.umh.es\/files\/2011\/09\/ejemplo-de-plan-de-emergencia-de-laboratorio-3.doc\">ejemplo-de-plan-de-emergencia-de-laboratorio-3<\/a><\/span><\/p>\n<p class=\"MsoNormal\" style=\"margin: 0cm 0cm 0pt\"><span style=\"font-size: 16pt;font-family: Arial\"><a href=\"https:\/\/prevencion.umh.es\/files\/2011\/09\/ejemplo-de-plan-de-emergencia-de-laboratorio-4.doc\">ejemplo-de-plan-de-emergencia-de-laboratorio-4<\/a><\/span><\/p>\n<p class=\"MsoNormal\" style=\"margin: 0cm 0cm 0pt\"><span style=\"font-size: 16pt;font-family: Arial\">\u00a0<\/span><\/p>\n<p class=\"MsoNormal\" style=\"margin: 0cm 0cm 0pt 36pt\"><span style=\"font-size: 16pt;font-family: Symbol\"><span>\u00b7<span>\u00a0\u00a0\u00a0\u00a0\u00a0\u00a0 <\/span><\/span><\/span><strong><span style=\"font-size: 16pt;font-family: Arial\">Resumen de condiciones para trabajo con agentes qu\u00edmicos cancerigenos y o mut\u00e1genos.<\/span><\/strong><\/p>\n<p class=\"MsoNormal\" style=\"margin: 0cm 0cm 0pt 36pt\"><strong><span style=\"font-size: 16pt;font-family: Arial\"><a href=\"https:\/\/prevencion.umh.es\/files\/2011\/09\/resumen-trabajo-con-agentes-quimicos-cancerigenos-o-mutagenos.doc\">resumen-trabajo-con-agentes-quimicos-cancerigenos-o-mutagenos<\/a><\/span><\/strong><\/p>\n<p class=\"MsoNormal\" style=\"margin: 0cm 0cm 0pt\"><span style=\"font-size: 16pt;font-family: Arial\">\u00a0<\/span><\/p>\n<p class=\"MsoNormal\" style=\"margin: 0cm 0cm 0pt 36pt\"><span style=\"font-size: 16pt;font-family: Symbol\"><span>\u00b7<span>\u00a0\u00a0\u00a0\u00a0\u00a0\u00a0 <\/span><\/span><\/span><strong><span style=\"font-size: 16pt;font-family: Arial\">Resumen trabajo con agentes biol\u00f3gicos N1 (nivel 1).<\/span><\/strong><\/p>\n<p class=\"MsoNormal\" style=\"margin: 0cm 0cm 0pt 36pt\"><strong><span style=\"font-size: 16pt;font-family: Arial\"><a href=\"https:\/\/prevencion.umh.es\/files\/2011\/09\/resumen-trabajo-con-riesgo-biologico-n1.doc\">resumen-trabajo-con-riesgo-biologico-n1<\/a><\/span><\/strong><\/p>\n<p class=\"MsoNormal\" style=\"margin: 0cm 0cm 0pt\"><strong><span style=\"font-size: 16pt;font-family: Arial\">\u00a0<\/span><\/strong><\/p>\n<p class=\"MsoNormal\" style=\"margin: 0cm 0cm 0pt 36pt\"><span style=\"font-size: 16pt;font-family: Symbol\"><span>\u00b7<span>\u00a0\u00a0\u00a0\u00a0\u00a0\u00a0 <\/span><\/span><\/span><strong><span style=\"font-size: 16pt;font-family: Arial\">Distribuci\u00f3n de vitrinas de seguridad en un laboratorio.<\/span><\/strong><\/p>\n<p class=\"MsoNormal\" style=\"margin: 0cm 0cm 0pt 36pt\"><strong><span style=\"font-size: 16pt;font-family: Arial\"><a href=\"https:\/\/prevencion.umh.es\/files\/2011\/09\/distribucion-de-vitrinas.doc\">distribucion-de-vitrinas<\/a><\/span><\/strong><\/p>\n<p class=\"MsoNormal\" style=\"margin: 0cm 0cm 0pt\"><strong><span style=\"font-size: 16pt;font-family: Arial\">\u00a0<\/span><\/strong><\/p>\n<p class=\"MsoNormal\" style=\"margin: 0cm 0cm 0pt 36pt\"><span style=\"font-size: 16pt;font-family: Symbol\"><span>\u00b7<span>\u00a0\u00a0\u00a0\u00a0\u00a0\u00a0 <\/span><\/span><\/span><strong><span style=\"font-size: 16pt;font-family: Arial\">Protecci\u00f3n de la Maternidad o Lactancia.<\/span><\/strong><\/p>\n<p class=\"MsoNormal\" style=\"margin: 0cm 0cm 0pt 36pt\"><strong><span style=\"font-size: 16pt;font-family: Arial\"><a href=\"https:\/\/prevencion.umh.es\/files\/2011\/09\/proteccion-de-la-maternidad-y-trabajadores-sensibles-dptos.doc\">proteccion-de-la-maternidad-y-trabajadores-sensibles-dptos<\/a><\/span><\/strong><\/p>\n<p class=\"MsoNormal\" style=\"margin: 0cm 0cm 0pt 36pt\"><strong><span style=\"font-size: 16pt;font-family: Arial\">\u00a0<\/span><\/strong><\/p>\n<p class=\"MsoNormal\" style=\"margin: 0cm 0cm 0pt 36pt\"><span style=\"font-size: 16pt;font-family: Symbol\"><span>\u00b7<span>\u00a0\u00a0\u00a0\u00a0\u00a0\u00a0 <\/span><\/span><\/span><strong><span style=\"font-size: 16pt;font-family: Arial\">Resumen de plan de emergencia para autoridades acad\u00e9micas.<\/span><\/strong><\/p>\n<p class=\"MsoNormal\" style=\"margin: 0cm 0cm 0pt 36pt\"><strong><span style=\"font-size: 16pt;font-family: Arial\"><a href=\"https:\/\/prevencion.umh.es\/files\/2011\/09\/resumen-plan-emerg-aa.doc\">resumen-plan-emerg-aa<\/a><\/span><\/strong><\/p>\n<p class=\"MsoNormal\" style=\"margin: 0cm 0cm 0pt 36pt\"><strong><span style=\"font-size: 16pt;font-family: Arial\">\u00a0<\/span><\/strong><\/p>\n<p class=\"MsoNormal\" style=\"margin: 0cm 0cm 0pt 36pt\"><span style=\"font-size: 16pt;font-family: Symbol\"><span>\u00b7<span>\u00a0\u00a0\u00a0\u00a0\u00a0\u00a0 <\/span><\/span><\/span><strong><span style=\"font-size: 16pt;font-family: Arial\">Registro de personal autorizado a usar un equipo de trabajo con riesgo.<\/span><\/strong><\/p>\n<p class=\"MsoNormal\" style=\"margin: 0cm 0cm 0pt 36pt\"><strong><span style=\"font-size: 16pt;font-family: Arial\"><span><a href=\"https:\/\/prevencion.umh.es\/files\/2011\/09\/registro-uso-restringidoequipos-trabajo-v3.doc\">registro-uso-restringidoequipos-trabajo-v3<\/a>\u00a0 <\/span><\/span><\/strong><\/p>\n<p class=\"MsoNormal\" style=\"margin: 0cm 0cm 0pt 36pt\"><strong><span style=\"font-size: 16pt;font-family: Arial\">\u00a0<\/span><\/strong><\/p>\n<p class=\"MsoNormal\" style=\"margin: 0cm 0cm 0pt 18pt\"><strong><span style=\"font-size: 16pt;font-family: Arial\">\u00a0<\/span><\/strong><\/p>\n<p class=\"MsoNormal\" style=\"margin: 0cm 0cm 0pt 36pt\"><strong><span style=\"font-size: 16pt;font-family: Arial\">\u00a0<\/span><\/strong><\/p>\n<p class=\"MsoNormal\" style=\"margin: 0cm 0cm 0pt 36pt\"><strong><span style=\"font-size: 16pt;font-family: Arial\"><span>\u00a0<\/span><\/span><\/strong><\/p>\n<p class=\"MsoNormal\" style=\"margin: 0cm 0cm 0pt 18pt\"><strong><span style=\"font-size: 10pt;font-family: Arial\">\u00a0<\/span><\/strong><\/p>\n<p class=\"MsoNormal\" style=\"margin: 0cm 0cm 0pt 18pt\"><em><span style=\"font-size: 11pt;color: green;font-family: Arial\">Ultima actualizaci\u00f3n: 29-10-2010,<\/span><\/em><\/p>\n<p class=\"MsoNormal\" style=\"margin: 0cm 0cm 0pt\"><span style=\"font-size: small;font-family: Times New Roman\">\u00a0<\/span><\/p>\n<p>\u00a0<\/p>\n<\/p>\n<p><\/p>","protected":false},"excerpt":{"rendered":"<p>Se incluyen a continuaci\u00f3n ejemplos de documentos no recogidos en procedimientos y que pueden ser de inter\u00e9s para la gesti\u00f3n documental y operativa en un laboratorio o taller:<br \/>\n\u00a0<br \/>\n\u00b7\u00a0\u00a0\u00a0\u00a0\u00a0\u00a0 Programa de actividad preventiva: Introducci\u00f3n \u00a0y ejemplo de programa.<br \/>\nintroduccion-al-programa-actividad-preventiva-centro<br \/>\nejemplo-de-programa-actividad-preventiva-centro<br \/>\n\u00a0<br \/>\n\u00b7\u00a0\u00a0\u00a0\u00a0\u00a0\u00a0 Ejemplo de reglamento docente.<br \/>\nejemplo-reglamento-docente<br \/>\n\u00a0<br \/>\n\u00b7\u00a0\u00a0\u00a0\u00a0\u00a0\u00a0 Plan de emergencia de laboratorio o taller.<br \/>\nplanes-emergencia-laboratorios<br \/>\n\u00a0<br \/>\nEjemplos de planes de emergencias cumplimentados<br \/>\nejemplo-de-plan-de-emergencia-de-laboratorio-1<br \/>\nejemplo-de-plan-de-emergencia-de-laboratorio-2<br \/>\nejemplo-de-plan-de-emergencia-de-laboratorio-3<br \/>\nejemplo-de-plan-de-emergencia-de-laboratorio-4<br \/>\n\u00a0<br \/>\n\u00b7\u00a0\u00a0\u00a0\u00a0\u00a0\u00a0 Resumen [&#8230;]<\/p>\n","protected":false},"author":131,"featured_media":0,"parent":2146,"menu_order":20,"comment_status":"closed","ping_status":"open","template":"","meta":{"_links_to":"","_links_to_target":""},"_links":{"self":[{"href":"https:\/\/prevencion.umh.es\/en\/wp-json\/wp\/v2\/pages\/1652"}],"collection":[{"href":"https:\/\/prevencion.umh.es\/en\/wp-json\/wp\/v2\/pages"}],"about":[{"href":"https:\/\/prevencion.umh.es\/en\/wp-json\/wp\/v2\/types\/page"}],"author":[{"embeddable":true,"href":"https:\/\/prevencion.umh.es\/en\/wp-json\/wp\/v2\/users\/131"}],"replies":[{"embeddable":true,"href":"https:\/\/prevencion.umh.es\/en\/wp-json\/wp\/v2\/comments?post=1652"}],"version-history":[{"count":0,"href":"https:\/\/prevencion.umh.es\/en\/wp-json\/wp\/v2\/pages\/1652\/revisions"}],"up":[{"embeddable":true,"href":"https:\/\/prevencion.umh.es\/en\/wp-json\/wp\/v2\/pages\/2146"}],"wp:attachment":[{"href":"https:\/\/prevencion.umh.es\/en\/wp-json\/wp\/v2\/media?parent=1652"}],"curies":[{"name":"wp","href":"https:\/\/api.w.org\/{rel}","templated":true}]}}