{"id":1669,"date":"2009-05-04T12:35:53","date_gmt":"2009-05-04T10:35:53","guid":{"rendered":"http:\/\/prevencion.zeus.umh.es\/2009\/05\/04\/15-ejemplos-de-documentos\/"},"modified":"2019-01-24T10:42:30","modified_gmt":"2019-01-24T09:42:30","slug":"15-ejemplos-de-documentos","status":"publish","type":"page","link":"https:\/\/prevencion.umh.es\/en\/plan-de-prevencion\/documentacion\/centros-docentes\/15-ejemplos-de-documentos\/","title":{"rendered":"Ejemplos de Documentos."},"content":{"rendered":"<p><\/p>\n<p><p>Se incluyen a continuaci\u00f3n documentos no recogidos en procedimientos y que pueden ser de inter\u00e9s para la gesti\u00f3n documental y operativa en un laboratorio o taller:<\/p>\n<ul>\n<li>\u00a0\n<ul>\n<li><strong>Programa de actividad preventiva:<\/strong> Introducci\u00f3n<strong><\/strong> y ejemplo de programa<\/li>\n<\/ul>\n<ul>\n<li><strong>Ejemplo de reglamento docente<\/strong><\/li>\n<p><img src=\"https:\/\/prevencion.umh.es\/files\/2008\/04\/word.gif\" alt=\"word.gif\" \/><a title=\"ejemplo reglamento docente.doc\" href=\"https:\/\/prevencion.umh.es\/files\/2009\/05\/ejemplo reglamento docente.doc\"> ejemplo reglamento docente<\/a><\/ul>\n<\/li>\n<p><img src=\"https:\/\/prevencion.umh.es\/files\/2008\/04\/word.gif\" alt=\"word.gif\" \/><a title=\"introduccion al  Programa actividad preventiva.doc\" href=\"https:\/\/prevencion.umh.es\/files\/2009\/05\/introduccion al  Programa actividad preventiva.doc\"> introduccion al Programa actividad preventiva<\/a><br \/>\n<img src=\"https:\/\/prevencion.umh.es\/files\/2008\/04\/word.gif\" alt=\"word.gif\" \/><a title=\"ejemplo de Programa actividad preventiva centro.doc\" href=\"https:\/\/prevencion.umh.es\/files\/2009\/05\/ejemplo de Programa actividad preventiva centro.doc\"> ejemplo de Programa actividad preventiva centro<\/a><\/ul>\n<li><strong>Plan de emergencia<\/strong> de laboratorio \/ taller:<\/li>\n<p><img src=\"https:\/\/prevencion.umh.es\/files\/2008\/04\/word.gif\" alt=\"word.gif\" \/><a title=\"Plan emerg. laboratorio-taller.doc\" href=\"https:\/\/prevencion.umh.es\/files\/2009\/05\/Plan emerg. laboratorio-taller.doc\"> Plan emerg laboratorio-taller<\/a><br \/>\nEjemplos de planes de emergencia: <img src=\"https:\/\/prevencion.umh.es\/files\/2008\/04\/word.gif\" alt=\"word.gif\" \/><a title=\"ejemplo de Plan de emergencia de laboratorio 1.doc\" href=\"https:\/\/prevencion.umh.es\/files\/2009\/05\/ejemplo de Plan de emergencia de laboratorio 1.doc\"> ejemplo de Plan de emergencia de laboratorio 1<\/a><br \/>\n<img src=\"https:\/\/prevencion.umh.es\/files\/2008\/04\/word.gif\" alt=\"word.gif\" \/><a title=\"ejemplo de Plan de emergencia de laboratorio 2.doc\" href=\"https:\/\/prevencion.umh.es\/files\/2009\/05\/ejemplo de Plan de emergencia de laboratorio 2.doc\"> ejemplo de Plan de emergencia de laboratorio 2<\/a><br \/>\n<img src=\"https:\/\/prevencion.umh.es\/files\/2008\/04\/word.gif\" alt=\"word.gif\" \/><a title=\"ejemplo de Plan de emergencia de laboratorio 4.doc\" href=\"https:\/\/prevencion.umh.es\/files\/2009\/05\/ejemplo de Plan de emergencia de laboratorio 4.doc\"> ejemplo de Plan de emergencia de laboratorio 4<\/a><br \/>\n<img src=\"https:\/\/prevencion.umh.es\/files\/2008\/04\/word.gif\" alt=\"word.gif\" \/><a title=\"ejemplo de Plan de emergencia de laboratorio 3.doc\" href=\"https:\/\/prevencion.umh.es\/files\/2009\/05\/ejemplo de Plan de emergencia de laboratorio 3.doc\"> ejemplo de Plan de emergencia de laboratorio 3<\/a><\/p>\n<p>\u00a0<\/p>\n<li><strong>Resumen de condiciones para trabajo con agentes qu\u00edmicos cancerigenos y o mut\u00e1genos.<\/strong><\/li>\n<p><strong><img src=\"https:\/\/prevencion.umh.es\/files\/2008\/04\/word.gif\" alt=\"word.gif\" \/><\/strong><a href=\"https:\/\/prevencion.umh.es\/files\/2011\/09\/resumen-trabajo-con-agentes-quimicos-cancerigenos-o-mutagenos.doc\">resumen-trabajo-con-agentes-quimicos-cancerigenos-o-mutagenos<\/a><\/p>\n<\/p>\n<p><\/p>","protected":false},"excerpt":{"rendered":"<p>Se incluyen a continuaci\u00f3n documentos no recogidos en procedimientos y que pueden ser de inter\u00e9s para la gesti\u00f3n documental y operativa en un laboratorio o taller:<\/p>\n<p>\u00a0<\/p>\n<p>Programa de actividad preventiva: Introducci\u00f3n y ejemplo de programa<\/p>\n<p>Ejemplo de reglamento docente<br \/>\n ejemplo reglamento docente<\/p>\n<p> introduccion al Programa actividad preventiva<br \/>\n ejemplo de Programa actividad preventiva centro<br \/>\nPlan de emergencia de laboratorio [&#8230;]<\/p>\n","protected":false},"author":131,"featured_media":0,"parent":2153,"menu_order":20,"comment_status":"closed","ping_status":"open","template":"","meta":{"_links_to":"","_links_to_target":""},"_links":{"self":[{"href":"https:\/\/prevencion.umh.es\/en\/wp-json\/wp\/v2\/pages\/1669"}],"collection":[{"href":"https:\/\/prevencion.umh.es\/en\/wp-json\/wp\/v2\/pages"}],"about":[{"href":"https:\/\/prevencion.umh.es\/en\/wp-json\/wp\/v2\/types\/page"}],"author":[{"embeddable":true,"href":"https:\/\/prevencion.umh.es\/en\/wp-json\/wp\/v2\/users\/131"}],"replies":[{"embeddable":true,"href":"https:\/\/prevencion.umh.es\/en\/wp-json\/wp\/v2\/comments?post=1669"}],"version-history":[{"count":0,"href":"https:\/\/prevencion.umh.es\/en\/wp-json\/wp\/v2\/pages\/1669\/revisions"}],"up":[{"embeddable":true,"href":"https:\/\/prevencion.umh.es\/en\/wp-json\/wp\/v2\/pages\/2153"}],"wp:attachment":[{"href":"https:\/\/prevencion.umh.es\/en\/wp-json\/wp\/v2\/media?parent=1669"}],"curies":[{"name":"wp","href":"https:\/\/api.w.org\/{rel}","templated":true}]}}