{"id":1693,"date":"2026-02-06T08:47:22","date_gmt":"2026-02-06T07:47:22","guid":{"rendered":"http:\/\/prevencion.zeus.umh.es\/2002\/06\/19\/03-equipos-de-emergencia-por-campus\/"},"modified":"2026-02-06T10:38:58","modified_gmt":"2026-02-06T09:38:58","slug":"03-equipos-de-emergencia-por-campus","status":"publish","type":"page","link":"https:\/\/prevencion.umh.es\/en\/plan-de-emergencia\/03-equipos-de-emergencia-por-campus\/","title":{"rendered":"Emergency teams on Campus"},"content":{"rendered":"<p><\/p>\n<table>\n<tbody>\n<tr>\n<td colspan=\"2\" width=\"566\">\n<p style=\"text-align: center\"><strong>\u00a0ALTEA CAMPUS<\/strong><\/p>\n<\/td>\n<\/tr>\n<tr>\n<td width=\"283\">Emergency Chiefs<\/td>\n<td width=\"283\">1\u00ba D. Leandro Medina Mar\u00eda<\/td>\n<\/tr>\n<tr>\n<td width=\"283\"><\/td>\n<td width=\"283\">2\u00ba D. Alfredo Pell\u00edn Garc\u00eda<\/td>\n<\/tr>\n<tr>\n<td width=\"283\"><\/td>\n<td width=\"283\"><\/td>\n<\/tr>\n<tr>\n<td width=\"283\">Intervention Chiefs<\/td>\n<td width=\"283\">1\u00ba D. Gabriel Alfonso Rufete S\u00e1ez<\/td>\n<\/tr>\n<tr>\n<td width=\"283\"><\/td>\n<td width=\"283\">2\u00ba D. Mario Romero Fern\u00e1ndez<\/td>\n<\/tr>\n<tr>\n<td width=\"283\"><\/td>\n<td width=\"283\"><\/td>\n<\/tr>\n<\/tbody>\n<\/table>\n<p>&nbsp;<\/p>\n<table>\n<tbody>\n<tr>\n<td colspan=\"2\" width=\"566\">\n<p style=\"text-align: center\"><strong>\u00a0ELCHE CAMPUS<\/strong><\/p>\n<\/td>\n<\/tr>\n<tr>\n<td width=\"283\">Emergency Chiefs<\/td>\n<td width=\"283\">1\u00ba D. Gregorio Mart\u00ednez Almodovar<\/td>\n<\/tr>\n<tr>\n<td width=\"283\"><\/td>\n<td width=\"283\">2\u00ba D\u00aa Mar\u00eda Jos\u00e9 Gonz\u00e1lez Planelles<\/td>\n<\/tr>\n<tr>\n<td width=\"283\"><\/td>\n<td width=\"283\"><\/td>\n<\/tr>\n<tr>\n<td width=\"283\">Intervention Chiefs<\/td>\n<td width=\"283\">Eiffage company staff<\/td>\n<\/tr>\n<tr>\n<td width=\"283\"><\/td>\n<td width=\"283\"><\/td>\n<\/tr>\n<\/tbody>\n<\/table>\n<p>&nbsp;<\/p>\n<table>\n<tbody>\n<tr>\n<td colspan=\"2\" width=\"566\">\n<p style=\"text-align: center\"><strong>\u00a0ORIHUELA CAMPUS- LAS SALESAS<\/strong><\/p>\n<\/td>\n<\/tr>\n<tr>\n<td width=\"283\">Emergency Chiefs<\/td>\n<td width=\"283\">1\u00ba D\u00aa Paloma Morga P\u00e9rez<\/td>\n<\/tr>\n<tr>\n<td width=\"283\"><\/td>\n<td width=\"283\">2\u00ba D\u00aa. Ascensi\u00f3n de los \u00c1ngeles\u00a0 \u00a0 \u00a0 \u00a0 \u00a0 \u00a0 \u00a0 \u00a0Lorente M\u00e9ndez<\/p>\n<p>3\u00ba D. Francisco Perales Costa<\/td>\n<\/tr>\n<tr>\n<td width=\"283\"><\/td>\n<td width=\"283\"><\/td>\n<\/tr>\n<tr>\n<td width=\"283\">Intervention Chiefs<\/td>\n<td width=\"283\">Eiffage company staff<\/td>\n<\/tr>\n<tr>\n<td width=\"283\"><\/td>\n<td width=\"283\"><\/td>\n<\/tr>\n<\/tbody>\n<\/table>\n<p>&nbsp;<\/p>\n<table>\n<tbody>\n<tr>\n<td colspan=\"2\" width=\"566\">\n<p style=\"text-align: center\"><strong>ORIHUELA CAMPUS- LOS DESAMPARADOS<\/strong><\/p>\n<\/td>\n<\/tr>\n<tr>\n<td width=\"283\">Emergency Chiefs<\/td>\n<td width=\"283\">1\u00ba D. Jos\u00e9 Luis Rodr\u00edguez Carmona<\/td>\n<\/tr>\n<tr>\n<td width=\"283\"><\/td>\n<td width=\"283\">2\u00ba D\u00aa. M\u00aa. Jes\u00fas Aparicio Villanueva<\/td>\n<\/tr>\n<tr>\n<td width=\"283\"><\/td>\n<td width=\"283\"><\/td>\n<\/tr>\n<tr>\n<td width=\"283\">Intervention Chiefs<\/td>\n<td width=\"283\">Eiffage company staff<\/td>\n<\/tr>\n<tr>\n<td width=\"283\"><\/td>\n<td width=\"283\"><\/td>\n<\/tr>\n<\/tbody>\n<\/table>\n<p>&nbsp;<\/p>\n<table>\n<tbody>\n<tr>\n<td colspan=\"2\" width=\"566\">\n<p style=\"text-align: center\"><strong>SANT JOAN D\u00b4ALACANT CAMPUS<\/strong><\/p>\n<\/td>\n<\/tr>\n<tr>\n<td width=\"283\">Emergency Chiefs<\/td>\n<td width=\"283\">1\u00ba D\u00aa Yolanda Pascual Cases<\/td>\n<\/tr>\n<tr>\n<td width=\"283\"><\/td>\n<td width=\"283\">2\u00ba D\u00aa. Victoria Gonz\u00e1lez Penedo<\/td>\n<\/tr>\n<tr>\n<td width=\"283\"><\/td>\n<td width=\"283\">3\u00ba D\u00aa. Trinidad P\u00e9rez Gos\u00e1lbez<\/td>\n<\/tr>\n<tr>\n<td width=\"283\"><\/td>\n<td width=\"283\"><\/td>\n<\/tr>\n<tr>\n<td width=\"283\">Intervention Chiefs<\/td>\n<td width=\"283\">\u00a0Eiffage company staff<\/td>\n<\/tr>\n<tr>\n<td width=\"283\"><\/td>\n<td width=\"283\"><\/td>\n<\/tr>\n<\/tbody>\n<\/table>\n<p><\/p>","protected":false},"excerpt":{"rendered":"<p>\u00a0ALTEA CAMPUS<\/p>\n<p>Emergency Chiefs<br \/>\n1\u00ba D. Leandro Medina Mar\u00eda<\/p>\n<p>2\u00ba D. Alfredo Pell\u00edn Garc\u00eda<\/p>\n<p>Intervention Chiefs<br \/>\n1\u00ba D. Gabriel Alfonso Rufete S\u00e1ez<\/p>\n<p>2\u00ba D. Mario Romero Fern\u00e1ndez<\/p>\n<p>&nbsp;<\/p>\n<p>\u00a0ELCHE CAMPUS<\/p>\n<p>Emergency Chiefs<br \/>\n1\u00ba D. Gregorio Mart\u00ednez Almodovar<\/p>\n<p>2\u00ba D\u00aa Mar\u00eda Jos\u00e9 Gonz\u00e1lez Planelles<\/p>\n<p>Intervention Chiefs<br \/>\nEiffage company staff<\/p>\n<p>&nbsp;<\/p>\n<p>\u00a0ORIHUELA CAMPUS- LAS SALESAS<\/p>\n<p>Emergency Chiefs<br \/>\n1\u00ba D\u00aa Paloma Morga P\u00e9rez<\/p>\n<p>2\u00ba D\u00aa. Ascensi\u00f3n de los \u00c1ngeles\u00a0 \u00a0 \u00a0 \u00a0 \u00a0 \u00a0 \u00a0 \u00a0Lorente [&#8230;]<\/p>\n","protected":false},"author":139,"featured_media":0,"parent":2102,"menu_order":40,"comment_status":"closed","ping_status":"open","template":"","meta":{"_links_to":"","_links_to_target":""},"_links":{"self":[{"href":"https:\/\/prevencion.umh.es\/en\/wp-json\/wp\/v2\/pages\/1693"}],"collection":[{"href":"https:\/\/prevencion.umh.es\/en\/wp-json\/wp\/v2\/pages"}],"about":[{"href":"https:\/\/prevencion.umh.es\/en\/wp-json\/wp\/v2\/types\/page"}],"author":[{"embeddable":true,"href":"https:\/\/prevencion.umh.es\/en\/wp-json\/wp\/v2\/users\/139"}],"replies":[{"embeddable":true,"href":"https:\/\/prevencion.umh.es\/en\/wp-json\/wp\/v2\/comments?post=1693"}],"version-history":[{"count":0,"href":"https:\/\/prevencion.umh.es\/en\/wp-json\/wp\/v2\/pages\/1693\/revisions"}],"up":[{"embeddable":true,"href":"https:\/\/prevencion.umh.es\/en\/wp-json\/wp\/v2\/pages\/2102"}],"wp:attachment":[{"href":"https:\/\/prevencion.umh.es\/en\/wp-json\/wp\/v2\/media?parent=1693"}],"curies":[{"name":"wp","href":"https:\/\/api.w.org\/{rel}","templated":true}]}}