{"id":1709,"date":"2004-03-16T17:07:21","date_gmt":"2004-03-16T15:07:21","guid":{"rendered":"http:\/\/prevencion.zeus.umh.es\/2004\/03\/16\/recomendaciones-de-seguridad-en-trabajo-en-talleres-recomendaciones-de-seguridad-en-trabajo-en-talleres\/"},"modified":"2015-11-11T17:11:08","modified_gmt":"2015-11-11T16:11:08","slug":"recomendaciones-de-seguridad-en-trabajo-en-talleres-recomendaciones-de-seguridad-en-trabajo-en-talleres","status":"publish","type":"page","link":"https:\/\/prevencion.umh.es\/en\/instrucciones\/recomendaciones-de-seguridad-en-trabajo-en-talleres-recomendaciones-de-seguridad-en-trabajo-en-talleres\/","title":{"rendered":"Seguridad y salud en trabajo en talleres."},"content":{"rendered":"<p>Se pretende en el documento que sigue, recoger recomendaciones sencillas, para ayudar a minimizar los riesgos y actos inseguros que por desconocimiento o descuido, se pueden producir y que suponen riesgo de accidentalidad en el taller.<\/p>\n<p>Debe tenerse en cuenta que en los talleres coexisten fuentes de riesgos importantes, y es necesaria una adecuada Informaci\u00f3n y formaci\u00f3n en la prevenci\u00f3n del riesgo de cualquiera de los que all\u00ed realice su actividad.<\/p>\n<p>\u00a0<\/p>\n<p><img src=\"https:\/\/prevencion.umh.es\/files\/2008\/04\/pdf.gif\" alt=\"pdf.gif\" \/><a title=\"Seguridad general trabajo en TALLERES v21.pdf\" href=\"https:\/\/prevencion.umh.es\/files\/2011\/09\/seguridad-general-trabajo-en-talleres-v21.pdf\"> Seguridad general trabajo en TALLERES v2.1<\/a><\/p>\n<p><strong><em>Ultima actualizaci\u00f3n: 05-09-200<\/em><\/strong><strong><em>11<\/em><\/strong><strong><em><\/em><\/strong><\/p>","protected":false},"excerpt":{"rendered":"<p>Se pretende en el documento que sigue, recoger recomendaciones sencillas, para ayudar a minimizar los riesgos y actos inseguros que por desconocimiento o descuido, se pueden producir y que suponen riesgo de accidentalidad en el taller.<br \/>\nDebe tenerse en cuenta que en los talleres coexisten fuentes de riesgos importantes, y es necesaria una adecuada Informaci\u00f3n y [&#8230;]<\/p>\n","protected":false},"author":139,"featured_media":0,"parent":2107,"menu_order":30,"comment_status":"closed","ping_status":"open","template":"","meta":{"_links_to":"","_links_to_target":""},"_links":{"self":[{"href":"https:\/\/prevencion.umh.es\/en\/wp-json\/wp\/v2\/pages\/1709"}],"collection":[{"href":"https:\/\/prevencion.umh.es\/en\/wp-json\/wp\/v2\/pages"}],"about":[{"href":"https:\/\/prevencion.umh.es\/en\/wp-json\/wp\/v2\/types\/page"}],"author":[{"embeddable":true,"href":"https:\/\/prevencion.umh.es\/en\/wp-json\/wp\/v2\/users\/139"}],"replies":[{"embeddable":true,"href":"https:\/\/prevencion.umh.es\/en\/wp-json\/wp\/v2\/comments?post=1709"}],"version-history":[{"count":0,"href":"https:\/\/prevencion.umh.es\/en\/wp-json\/wp\/v2\/pages\/1709\/revisions"}],"up":[{"embeddable":true,"href":"https:\/\/prevencion.umh.es\/en\/wp-json\/wp\/v2\/pages\/2107"}],"wp:attachment":[{"href":"https:\/\/prevencion.umh.es\/en\/wp-json\/wp\/v2\/media?parent=1709"}],"curies":[{"name":"wp","href":"https:\/\/api.w.org\/{rel}","templated":true}]}}