{"id":1724,"date":"2002-06-17T10:03:42","date_gmt":"2002-06-17T08:03:42","guid":{"rendered":"http:\/\/prevencion.zeus.umh.es\/2002\/06\/17\/requisitos-de-seguridad-de-maquinas-y-equipos-de-trabajo-requisitos-minimos-de-seguridad-de-maquinas-y-equipos-de-trabajo\/"},"modified":"2015-11-11T17:03:16","modified_gmt":"2015-11-11T16:03:16","slug":"requisitos-de-seguridad-de-maquinas-y-equipos-de-trabajo-requisitos-minimos-de-seguridad-de-maquinas-y-equipos-de-trabajo","status":"publish","type":"page","link":"https:\/\/prevencion.umh.es\/en\/procedimientos\/equipos-de-trabajo-y-proteccion-individual\/requisitos-de-seguridad-de-maquinas-y-equipos-de-trabajo-requisitos-minimos-de-seguridad-de-maquinas-y-equipos-de-trabajo\/","title":{"rendered":"PR-02. Requisitos m\u00ednimos seguridad m\u00e1quinas y equipos de trabajo"},"content":{"rendered":"<p><\/p>\n<p><ul>El procedimiento que sigue, tiene el objetivo de\u00a0recoger\u00a0 los requisitos y condicionantes que debe cumplir cualquier equipo de trabajo, utilizado para Docencia, Investigaci\u00f3n, o Gesti\u00f3n, para que su adquisici\u00f3n y utilizaci\u00f3n en el trabajo a lo largo de su vida \u00fatil, se realice en condiciones de seguridad, cumpliendo al menos los requisitos m\u00ednimos exigidos por la legislaci\u00f3n vigente.Se adjunta la instrucci\u00f3n en formato Word y PDF.<br \/>\n<img src=\"https:\/\/prevencion.umh.es\/files\/2008\/04\/word.gif\" alt=\"word.gif\" \/><a title=\"maquinas y equipos de trabajo (v2.3).doc\" href=\"https:\/\/prevencion.umh.es\/files\/2002\/06\/maquinas y equipos de trabajo (v2.3).doc\"> maquinas y equipos de trabajo (v23)<\/a><br \/>\n<img src=\"https:\/\/prevencion.umh.es\/files\/2008\/04\/pdf.gif\" alt=\"pdf.gif\" \/><a title=\"maquinas y equipos de trabajo _v2.3_.pdf\" href=\"https:\/\/prevencion.umh.es\/files\/2002\/06\/maquinas y equipos de trabajo _v2.3_.pdf\"> maquinas y equipos de trabajo _v23_<\/a><\/ul>\n<p><em>Ultima actualizaci\u00f3n 29-10-2010<\/em><\/p>\n<p><em><img src=\"https:\/\/prevencion.umh.es\/files\/2008\/04\/word.gif\" alt=\"word.gif\" \/><a title=\"ficha  de equipos de trabajo v.2.doc\" href=\"https:\/\/prevencion.umh.es\/files\/2002\/06\/ficha  de equipos de trabajo v.2.doc\"> ficha de equipos de trabajo v2<\/a><br \/>\n<\/em><\/p>\n<\/p>\n<p><\/p>","protected":false},"excerpt":{"rendered":"<p>El procedimiento que sigue, tiene el objetivo de\u00a0recoger\u00a0 los requisitos y condicionantes que debe cumplir cualquier equipo de trabajo, utilizado para Docencia, Investigaci\u00f3n, o Gesti\u00f3n, para que su adquisici\u00f3n y utilizaci\u00f3n en el trabajo a lo largo de su vida \u00fatil, se realice en condiciones de seguridad, cumpliendo al menos los requisitos m\u00ednimos exigidos por [&#8230;]<\/p>\n","protected":false},"author":1,"featured_media":0,"parent":2804,"menu_order":20,"comment_status":"closed","ping_status":"open","template":"","meta":{"_links_to":"","_links_to_target":""},"_links":{"self":[{"href":"https:\/\/prevencion.umh.es\/en\/wp-json\/wp\/v2\/pages\/1724"}],"collection":[{"href":"https:\/\/prevencion.umh.es\/en\/wp-json\/wp\/v2\/pages"}],"about":[{"href":"https:\/\/prevencion.umh.es\/en\/wp-json\/wp\/v2\/types\/page"}],"author":[{"embeddable":true,"href":"https:\/\/prevencion.umh.es\/en\/wp-json\/wp\/v2\/users\/1"}],"replies":[{"embeddable":true,"href":"https:\/\/prevencion.umh.es\/en\/wp-json\/wp\/v2\/comments?post=1724"}],"version-history":[{"count":0,"href":"https:\/\/prevencion.umh.es\/en\/wp-json\/wp\/v2\/pages\/1724\/revisions"}],"up":[{"embeddable":true,"href":"https:\/\/prevencion.umh.es\/en\/wp-json\/wp\/v2\/pages\/2804"}],"wp:attachment":[{"href":"https:\/\/prevencion.umh.es\/en\/wp-json\/wp\/v2\/media?parent=1724"}],"curies":[{"name":"wp","href":"https:\/\/api.w.org\/{rel}","templated":true}]}}