{"id":1730,"date":"2002-09-09T09:51:30","date_gmt":"2002-09-09T07:51:30","guid":{"rendered":"http:\/\/prevencion.zeus.umh.es\/2002\/09\/09\/riesgos-producidos-por-agentes-quimicos-en-actividades-de-docencia-e-investigacion-riesgos-producidos-por-agentes-quimicos-en-actividades-de-docencia-e-investigacion\/"},"modified":"2015-11-11T17:04:25","modified_gmt":"2015-11-11T16:04:25","slug":"riesgos-producidos-por-agentes-quimicos-en-actividades-de-docencia-e-investigacion-riesgos-producidos-por-agentes-quimicos-en-actividades-de-docencia-e-investigacion","status":"publish","type":"page","link":"https:\/\/prevencion.umh.es\/en\/procedimientos\/productos-quimicos\/riesgos-producidos-por-agentes-quimicos-en-actividades-de-docencia-e-investigacion-riesgos-producidos-por-agentes-quimicos-en-actividades-de-docencia-e-investigacion\/","title":{"rendered":"Riesgos producidos por Agentes Qu\u00edmicos en Docencia e Investigaci\u00f3n."},"content":{"rendered":"<p><\/p>\n<p><ul>El REAL DECRETO 374\/2001, de 6 de abril, estableci\u00f3 los requisitos de prevenci\u00f3n y protecci\u00f3n en la exposici\u00f3n de los trabajadores a los riesgos relacionados con los agentes qu\u00edmicos. Anteriormente, (y sigue plenamente vigente) se public\u00f3 el REAL DECRETO 665\/1997, de 12 de mayo, sobre la protecci\u00f3n de los trabajadores contra los riesgos relacionados con la exposici\u00f3n a agentes cancer\u00edgenos durante el trabajo. A posteriori, el RD 349\/2003, modific\u00f3 el RD. 665\/1997, ampliando su \u00e1mbito de aplicaci\u00f3n a los agentes mut\u00e1genos.La instrucci\u00f3n que sigue, tiene el objetivo de difundir esta legislaci\u00f3n, as\u00ed como indicar la formalizaci\u00f3n en la Universidad del cumplimiento de los requisitos exigidos.Se adjunta la misma versi\u00f3n del documento en formato Word, as\u00ed como<span style=\"text-decoration: underline\"> modelo del registro de productos qu\u00edmicos<\/span> por laboratorio, mencionado en la instrucci\u00f3n.<\/p>\n<div><img src=\"https:\/\/prevencion.umh.es\/files\/2008\/04\/word.gif\" alt=\"word.gif\" \/><a title=\"Riesgos quimicos V 3.2.doc\" href=\"https:\/\/prevencion.umh.es\/files\/2012\/03\/riesgos-quimicos-v-32.docx\"> Riesgos quimicos V 3.2<\/a><br \/>\n<em><\/em><em>Ultima actualizaci\u00f3n 23\/03\/2012, por inclusi\u00f3n de aplicaci\u00f3n informatica para gesti\u00f3n de productos qu\u00edmicos<\/em><\/div>\n<\/ul>\n<p>Enlace a la aplicaci\u00f3n inform\u00e1tica para el registro y consulta de los productos qu\u00edmicos por estancia: http:\/\/camarillas.umh.es\/riesgos\/<\/p>\n<p>Ultima actualizaci\u00f3n: 23\/03\/2012.<\/em><\/div>\n<div><span style=\"text-decoration: underline\">Otros documentos de Inter\u00e9s:<\/span><\/div>\n<div>&#8211; Enlace <a href=\"http:\/\/www.insht.es\/portal\/site\/Insht\/menuitem.1f1a3bc79ab34c578c2e8884060961ca\/?vgnextoid=ff43d5068aa78110VgnVCM1000000705350aRCRD&amp;vgnextchannel=1d19bf04b6a03110VgnVCM100000dc0ca8c0RCRD\"><span style=\"text-decoration: underline\">a p\u00e1gina del INSHT con las frases R y S:<\/span><\/a><br \/>\n&#8211; Enlace <a href=\"http:\/\/www.insht.es\/portal\/site\/Insht\/menuitem.a82abc159115c8090128ca10060961ca\/?vgnextoid=4458908b51593110VgnVCM100000dc0ca8c0RCRD&amp;page=5\"><span style=\"text-decoration: underline\">a p\u00e1gina del INSHT de Fichas internacionales de seguridad qu\u00edmica en Castellano:<\/span><\/a><br \/>\n&#8211; Enlace <a href=\"http:\/\/www.insht.es\/portal\/site\/Insht\/menuitem.1f1a3bc79ab34c578c2e8884060961ca\/?vgnextoid=5a0e9a297dfc7110VgnVCM100000b80ca8c0RCRD&amp;vgnextchannel=1d19bf04b6a03110VgnVCM100000dc0ca8c0RCRD\"><span style=\"text-decoration: underline\">a p\u00e1gina del INSHT de valores limite:<\/span><\/a><\/div>\n<\/p>\n<p><\/p>","protected":false},"excerpt":{"rendered":"<p>El REAL DECRETO 374\/2001, de 6 de abril, estableci\u00f3 los requisitos de prevenci\u00f3n y protecci\u00f3n en la exposici\u00f3n de los trabajadores a los riesgos relacionados con los agentes qu\u00edmicos. Anteriormente, (y sigue plenamente vigente) se public\u00f3 el REAL DECRETO 665\/1997, de 12 de mayo, sobre la protecci\u00f3n de los trabajadores contra los riesgos relacionados con [&#8230;]<\/p>\n","protected":false},"author":1,"featured_media":0,"parent":2805,"menu_order":20,"comment_status":"closed","ping_status":"open","template":"","meta":{"_links_to":"","_links_to_target":""},"_links":{"self":[{"href":"https:\/\/prevencion.umh.es\/en\/wp-json\/wp\/v2\/pages\/1730"}],"collection":[{"href":"https:\/\/prevencion.umh.es\/en\/wp-json\/wp\/v2\/pages"}],"about":[{"href":"https:\/\/prevencion.umh.es\/en\/wp-json\/wp\/v2\/types\/page"}],"author":[{"embeddable":true,"href":"https:\/\/prevencion.umh.es\/en\/wp-json\/wp\/v2\/users\/1"}],"replies":[{"embeddable":true,"href":"https:\/\/prevencion.umh.es\/en\/wp-json\/wp\/v2\/comments?post=1730"}],"version-history":[{"count":0,"href":"https:\/\/prevencion.umh.es\/en\/wp-json\/wp\/v2\/pages\/1730\/revisions"}],"up":[{"embeddable":true,"href":"https:\/\/prevencion.umh.es\/en\/wp-json\/wp\/v2\/pages\/2805"}],"wp:attachment":[{"href":"https:\/\/prevencion.umh.es\/en\/wp-json\/wp\/v2\/media?parent=1730"}],"curies":[{"name":"wp","href":"https:\/\/api.w.org\/{rel}","templated":true}]}}