{"id":1741,"date":"2008-11-14T08:20:40","date_gmt":"2008-11-14T06:20:40","guid":{"rendered":"http:\/\/prevencion.zeus.umh.es\/2008\/11\/14\/obras-con-proyecto-coordinacion-de-prevencion-de-riesgo-laboral-en-obras-con-proyecto\/"},"modified":"2016-03-09T13:02:45","modified_gmt":"2016-03-09T12:02:45","slug":"obras-con-proyecto-coordinacion-de-prevencion-de-riesgo-laboral-en-obras-con-proyecto","status":"publish","type":"page","link":"https:\/\/prevencion.umh.es\/en\/procedimientos\/coordinacion-de-actividades-empresariales-en-prl-a24-lprl\/obras-con-proyecto-coordinacion-de-prevencion-de-riesgo-laboral-en-obras-con-proyecto\/","title":{"rendered":"Coordinaci\u00f3n  PRL en obras con proyecto"},"content":{"rendered":"<p><\/p>\n<ul>El procedimiento que sigue tiene el objetivo de establecer los medios de coordinaci\u00f3n necesarios para garantizar la Prevenci\u00f3n de riesgos laborales y la informaci\u00f3n sobre los mismos a los trabajadores de empresas externas que realicen trabajos en la UMH relativos a construcci\u00f3n y\/o obra civil, \u00eddem con respecto a posibles riesgos generados por estas obras para la comunidad universitaria, o sobre el personal de otras contratas o concesiones administrativas que pudieran verse afectadas.<\/ul>\n<p>\u00a0<span style=\"font-size: 16pt;color: red;font-family: Arial\">Nota\u00a0Noviembre 2011: El\u00a0procedimiento espec\u00edfico, se encuentra sometido\u00a0a revisi\u00f3n, existe procedimiento interno interservicios en el Vicerrectorado de Recursos en fase de implantaci\u00f3n.<\/span><\/p>","protected":false},"excerpt":{"rendered":"<p>El procedimiento que sigue tiene el objetivo de establecer los medios de coordinaci\u00f3n necesarios para garantizar la Prevenci\u00f3n de riesgos laborales y la informaci\u00f3n sobre los mismos a los trabajadores de empresas externas que realicen trabajos en la UMH relativos a construcci\u00f3n y\/o obra civil, \u00eddem con respecto a posibles riesgos generados por estas obras [&#8230;]<\/p>\n","protected":false},"author":131,"featured_media":0,"parent":2174,"menu_order":10,"comment_status":"closed","ping_status":"open","template":"","meta":{"_links_to":"","_links_to_target":""},"_links":{"self":[{"href":"https:\/\/prevencion.umh.es\/en\/wp-json\/wp\/v2\/pages\/1741"}],"collection":[{"href":"https:\/\/prevencion.umh.es\/en\/wp-json\/wp\/v2\/pages"}],"about":[{"href":"https:\/\/prevencion.umh.es\/en\/wp-json\/wp\/v2\/types\/page"}],"author":[{"embeddable":true,"href":"https:\/\/prevencion.umh.es\/en\/wp-json\/wp\/v2\/users\/131"}],"replies":[{"embeddable":true,"href":"https:\/\/prevencion.umh.es\/en\/wp-json\/wp\/v2\/comments?post=1741"}],"version-history":[{"count":0,"href":"https:\/\/prevencion.umh.es\/en\/wp-json\/wp\/v2\/pages\/1741\/revisions"}],"up":[{"embeddable":true,"href":"https:\/\/prevencion.umh.es\/en\/wp-json\/wp\/v2\/pages\/2174"}],"wp:attachment":[{"href":"https:\/\/prevencion.umh.es\/en\/wp-json\/wp\/v2\/media?parent=1741"}],"curies":[{"name":"wp","href":"https:\/\/api.w.org\/{rel}","templated":true}]}}