{"id":1825,"date":"2000-11-13T09:56:43","date_gmt":"2000-11-13T07:56:43","guid":{"rendered":"http:\/\/prevencion.zeus.umh.es\/2000\/11\/13\/vacunaciones-vacunaciones\/"},"modified":"2022-06-29T15:04:33","modified_gmt":"2022-06-29T13:04:33","slug":"vacunaciones-vacunaciones","status":"publish","type":"page","link":"https:\/\/prevencion.umh.es\/en\/servicio-medico\/vacunaciones-vacunaciones\/","title":{"rendered":"Vacunaciones."},"content":{"rendered":"<p><\/p>\n<div><\/div>\n<p>&nbsp;<\/p>\n<p align=\"justify\">VACUNACI\u00d3N<\/p>\n<p align=\"justify\">&#8211; La vacunaci\u00f3n es una de las medidas preventivas b\u00e1sicas ante la exposici\u00f3n laboral a agentes biol\u00f3gicos presentes en el entorno laboral y el acercamiento laboral de los programas de vacunaci\u00f3n ha mostrado ser un m\u00e9todo eficaz para conseguir un aumento de la cobertura vacunal, con buenos resultados a medio y largo plazo en lo que es disminuci\u00f3n del absentismo laboral.<\/p>\n<p align=\"justify\">-De hecho se aconseja la vacunaci\u00f3n de la poblaci\u00f3n general, particularmente ciertos grupos considerados de riesgo, tal como esta recogido en el RD 664\/1997.<\/p>\n<p align=\"justify\">&#8211; La Universidad Miguel Hernandez, adherida al programa Empresas Generadoras de Salud de la Conselleria de Sanitat, ofrece cobertura para una serie de vacunas, como son: t\u00e9tanos, hepatitis A+B, gripe, que se administraran siempre a criterio m\u00e9dico, teniendo en cuenta la valoraci\u00f3n del historial cl\u00ednico de l@s trabajador@s.<\/p>\n<p align=\"justify\">&#8211; Para el resto de tipo de vacunaci\u00f3n, no incluido en el calendario vacunal habitual del adulto, el asunto lo gestionara la Direcci\u00f3n General de Salud P\u00fablica, a trav\u00e9s de su centro Sanidad Exterior de Elche.<\/p>\n<p align=\"justify\">\u00a0&#8211; En el servcio m\u00e9dico estamos a su disposici\u00f3n para aclarar cualquier duda y facilitar informaci\u00f3n.<\/p>\n<p align=\"justify\">&#8211; Links \u00fatiles:<\/p>\n<p align=\"justify\">* Direcci\u00f3n General de Salud P\u00fablica. Centro de Salud P\u00fablica de Elche<\/p>\n<div><\/div>\n<p><span style=\"font-size: medium\"><a href=\"http:\/\/www.sp.san.gva.es\/redirect.jsp?Portal=ELX\"><span style=\"font-size: medium;color: #0000ff\"><span style=\"font-size: medium;color: #0000ff\">http:\/\/www.sp.san.gva.es\/redirect.jsp?Portal=ELX<\/span><\/span><\/a><\/span><\/p>\n<p>&nbsp;<\/p>\n<div><span style=\"font-size: medium\">* Ministerio de Sanidad y Pol\u00edtica Social. Atenci\u00f3n al Viajero<\/span><\/div>\n<p>&nbsp;<\/p>\n<div><span style=\"font-size: medium\"><a href=\"http:\/\/www.msc.es\/ciudadanos\/proteccionSalud\/vacunaciones\/viajero\/home.htm\"><span style=\"font-size: medium;color: #0000ff\"><span style=\"font-size: medium;color: #0000ff\">http:\/\/www.msc.es\/ciudadanos\/proteccionSalud\/vacunaciones\/viajero\/home.htm<\/span><\/span><\/a><\/span><\/div>\n<p>&nbsp;<\/p>\n<div><span style=\"font-size: medium\">* Ministerio de Sanidad y Pol\u00edtica Social. Centros de Vacunaci\u00f3n Internacional<\/span><\/div>\n<p>&nbsp;<\/p>\n<div><span style=\"font-size: medium\"><a href=\"http:\/\/www.msc.es\/profesionales\/saludPublica\/sanidadExterior\/salud\/centrosvacu.htm\"><span style=\"font-size: medium;color: #0000ff\"><span style=\"font-size: medium;color: #0000ff\">http:\/\/www.msc.es\/profesionales\/saludPublica\/sanidadExterior\/salud\/centrosvacu.htm<\/span><\/span><\/a><\/span><\/div>\n<p>&nbsp;<\/p>","protected":false},"excerpt":{"rendered":"<p>&nbsp;<br \/>\nVACUNACI\u00d3N<br \/>\n&#8211; La vacunaci\u00f3n es una de las medidas preventivas b\u00e1sicas ante la exposici\u00f3n laboral a agentes biol\u00f3gicos presentes en el entorno laboral y el acercamiento laboral de los programas de vacunaci\u00f3n ha mostrado ser un m\u00e9todo eficaz para conseguir un aumento de la cobertura vacunal, con buenos resultados a medio y largo plazo en lo [&#8230;]<\/p>\n","protected":false},"author":131,"featured_media":0,"parent":2108,"menu_order":45,"comment_status":"closed","ping_status":"closed","template":"","meta":{"_links_to":"","_links_to_target":""},"_links":{"self":[{"href":"https:\/\/prevencion.umh.es\/en\/wp-json\/wp\/v2\/pages\/1825"}],"collection":[{"href":"https:\/\/prevencion.umh.es\/en\/wp-json\/wp\/v2\/pages"}],"about":[{"href":"https:\/\/prevencion.umh.es\/en\/wp-json\/wp\/v2\/types\/page"}],"author":[{"embeddable":true,"href":"https:\/\/prevencion.umh.es\/en\/wp-json\/wp\/v2\/users\/131"}],"replies":[{"embeddable":true,"href":"https:\/\/prevencion.umh.es\/en\/wp-json\/wp\/v2\/comments?post=1825"}],"version-history":[{"count":0,"href":"https:\/\/prevencion.umh.es\/en\/wp-json\/wp\/v2\/pages\/1825\/revisions"}],"up":[{"embeddable":true,"href":"https:\/\/prevencion.umh.es\/en\/wp-json\/wp\/v2\/pages\/2108"}],"wp:attachment":[{"href":"https:\/\/prevencion.umh.es\/en\/wp-json\/wp\/v2\/media?parent=1825"}],"curies":[{"name":"wp","href":"https:\/\/api.w.org\/{rel}","templated":true}]}}