{"id":1826,"date":"2007-05-08T17:01:04","date_gmt":"2007-05-08T15:01:04","guid":{"rendered":"http:\/\/prevencion.zeus.umh.es\/2007\/05\/08\/sobre-los-botiquines-de-primeros-auxilios-sobre-los-botiquines-de-primeros-auxilios\/"},"modified":"2016-12-13T20:14:57","modified_gmt":"2016-12-13T19:14:57","slug":"sobre-los-botiquines-de-primeros-auxilios-sobre-los-botiquines-de-primeros-auxilios","status":"publish","type":"page","link":"https:\/\/prevencion.umh.es\/en\/servicio-medico\/01-generalidades\/sobre-los-botiquines-de-primeros-auxilios-sobre-los-botiquines-de-primeros-auxilios\/","title":{"rendered":"Sobre los Botiquines de Primeros Auxilios."},"content":{"rendered":"<p><\/p>\n<p><strong><\/strong><strong>1 Que es un botiqu\u00edn.<\/strong><\/p>\n<p>Es cualquier armario, caja, o malet\u00edn que pueda contener material sanitario y medicamentos para poder atender y aliviar molestias, contusiones y heridas (en general menores), en las condiciones necesarias.<\/p>\n<p><strong><\/strong><strong>2 Donde deben haber botiquines en la UMH.<\/strong><\/p>\n<p>Atendiendo al nivel de riesgo de las actividades realizadas, deben existir botiquines:<\/p>\n<p>&#8211; En cada laboratorio.<\/p>\n<ul><\/ul>\n<p>&#8211; En cada taller.<\/p>\n<ul><\/ul>\n<p>&#8211; Al menos uno o dos, de uso general en los edificios sin laboratorios y talleres (aularios, edificios administrativos o de oficinas).<\/p>\n<p>&#8211; Un n\u00famero (limitado) de Botiquines port\u00e1tiles para el uso del personal de los equipos de primeros auxilios del plan de emergencia.<\/p>\n<p>&#8211; En los locales de primeros auxilios.<\/p>\n<p><strong><\/strong><strong>3 Condiciones de instalaci\u00f3n y mantenimiento de un botiqu\u00edn.<\/strong><\/p>\n<p><strong>1-<\/strong><strong><\/strong> Los botiquines en general, hay que instalarlos:<\/p>\n<p>A) En lugar de f\u00e1cil acceso.<\/p>\n<p>B) Donde no tengan una iluminaci\u00f3n excesiva, en recintos con temperatura estable y no extrema.<\/p>\n<ul><strong><\/strong><strong>2-<\/strong><strong><\/strong><strong><\/strong> Los botiquines deben de estar cerrados, con f\u00e1cil sistema de apertura.<\/ul>\n<ul><strong><\/strong><strong>3-<\/strong><strong><\/strong><strong><\/strong> Los botiquines deben de ser revisados al menos dos veces al a\u00f1o, tanto comprobando la validez de los medicamentos, la presencia de los elementos b\u00e1sicos que debe contener, y el estado del material sanitario, de forma que est\u00e9 en condiciones de uso.<strong><\/strong><strong>4<\/strong>&#8211; Es necesario que cada botiqu\u00edn tenga asignado un responsable, que efect\u00fae las operaciones indicadas en el punto anterior, estableciendo circuitos de informaci\u00f3n que permitan la solicitud de reposici\u00f3n de sus componentes cada vez que se usen.<\/ul>\n<ul><\/ul>\n<p><\/p>","protected":false},"excerpt":{"rendered":"<p>1 Que es un botiqu\u00edn.<br \/>\nEs cualquier armario, caja, o malet\u00edn que pueda contener material sanitario y medicamentos para poder atender y aliviar molestias, contusiones y heridas (en general menores), en las condiciones necesarias.<br \/>\n2 Donde deben haber botiquines en la UMH.<br \/>\nAtendiendo al nivel de riesgo de las actividades realizadas, deben existir botiquines:<br \/>\n&#8211; En cada laboratorio.<\/p>\n<p>&#8211; En [&#8230;]<\/p>\n","protected":false},"author":139,"featured_media":0,"parent":1827,"menu_order":10,"comment_status":"closed","ping_status":"open","template":"","meta":{"_links_to":"","_links_to_target":""},"_links":{"self":[{"href":"https:\/\/prevencion.umh.es\/en\/wp-json\/wp\/v2\/pages\/1826"}],"collection":[{"href":"https:\/\/prevencion.umh.es\/en\/wp-json\/wp\/v2\/pages"}],"about":[{"href":"https:\/\/prevencion.umh.es\/en\/wp-json\/wp\/v2\/types\/page"}],"author":[{"embeddable":true,"href":"https:\/\/prevencion.umh.es\/en\/wp-json\/wp\/v2\/users\/139"}],"replies":[{"embeddable":true,"href":"https:\/\/prevencion.umh.es\/en\/wp-json\/wp\/v2\/comments?post=1826"}],"version-history":[{"count":0,"href":"https:\/\/prevencion.umh.es\/en\/wp-json\/wp\/v2\/pages\/1826\/revisions"}],"up":[{"embeddable":true,"href":"https:\/\/prevencion.umh.es\/en\/wp-json\/wp\/v2\/pages\/1827"}],"wp:attachment":[{"href":"https:\/\/prevencion.umh.es\/en\/wp-json\/wp\/v2\/media?parent=1826"}],"curies":[{"name":"wp","href":"https:\/\/api.w.org\/{rel}","templated":true}]}}