{"id":1827,"date":"2007-05-09T11:09:59","date_gmt":"2007-05-09T09:09:59","guid":{"rendered":"http:\/\/prevencion.zeus.umh.es\/2007\/05\/09\/01-generalidades\/"},"modified":"2023-12-19T12:31:38","modified_gmt":"2023-12-19T11:31:38","slug":"01-generalidades","status":"publish","type":"page","link":"https:\/\/prevencion.umh.es\/en\/servicio-medico\/01-generalidades\/","title":{"rendered":"Botiquines de primeros auxilios"},"content":{"rendered":"<p><\/p>\n<p>Los botiquines de primeros auxilios, se facilitan\u00a0\u00a0 en cumplimiento del Articulo. 20 de la LPRL,\u00a0son\u00a0 asumidos como una obligaci\u00f3n general de la Universidad, que a su vez los obtiene de su Mutua de accidentes.\u00a0<\/p>\n<p>Los botiquines y material que se facilitar\u00e1n, en y para los locales Universitarios, son fundamentalemente para atenci\u00f3n a primeros auxilios del personal de la Universidad, tambi\u00e9n a los alumnos, visitantes ocasionales, y personal de otras empresas. No obstante hay que hacer notar que toda empresa que tenga centro de trabajo en la Universidad (contratras y concesiones por ejemplo) debe de tener su propio botiqu\u00edn con material de primeros auxilios. No debe de haber problema en facilitar puntualmente\u00a0 material a personal de otras empresas, pero no de forma sistem\u00e1tica, puesto que \u00e9stos debieran de ser proporcionados por sus respectivas empresas.<\/p>\n<p>Las solicitudes de botiquines deben de hacerse de forma motivada, utilizando el formulario que en el punto siguiente se indica, y deben de realizarse preferentemente por correo electr\u00f3nico, y por alg\u00fan Cargo u \u00d3rgano de Gobierno de la Unidad peticionaria, indicando en dicho formulario quien se responsabilizar\u00e1 del botiqu\u00edn a posteriori (revisi\u00f3n y reposici\u00f3n).<\/p>\n<p>En los casos de botiquines comunes de edificios, cuando su mejor ubicaci\u00f3n sea en las conserjer\u00edas atendidas por personal de contratas de la Universidad, la petici\u00f3n y gesti\u00f3n de botiquines ser\u00e1 realizada por el Centro de Gesti\u00f3n de Campus. \u00cddem con respecto a reposici\u00f3n de material en los locales de primeros auxilios en los Campus que se disponga de ellos.<\/p>\n<p>Los botiquines se facilitar\u00e1n con el material b\u00e1sico previsto . Su\u00a0 contenido\u00a0 se limitar\u00e1 en su entrega y reposcion desde el SPRL, a lo o establecido por el RD 486\/97 , anexo\u00a0VI. A).3, sin perjucio que si la unidad los considera necesario, adquiera material complementario (a su cargo) para su uso para el fin previsto.<\/p>\n<p>En general se facilitan Botiquines\u00a0con los siguientes criterios:<\/p>\n<p>&#8211; Un botiquin general por edificio, a ubicar en conserjeria.<br \/>\n&#8211; Por laboratorio: Uno por laboratorio.<\/p>\n<p>&#8211; Pueden suministrarse botiquines port\u00e1tiles los equipos de primeros auxilios de cada Campus.<\/p>\n<p>NO se facilitan Botiquines, ni se atender\u00e1 a reposicion por &#8220;Unidad&#8221;&#8230;.<\/p>\n<p><\/p>","protected":false},"excerpt":{"rendered":"<p>Los botiquines de primeros auxilios, se facilitan\u00a0\u00a0 en cumplimiento del Articulo. 20 de la LPRL,\u00a0son\u00a0 asumidos como una obligaci\u00f3n general de la Universidad, que a su vez los obtiene de su Mutua de accidentes.\u00a0<br \/>\nLos botiquines y material que se facilitar\u00e1n, en y para los locales Universitarios, son fundamentalemente para atenci\u00f3n a primeros auxilios del personal [&#8230;]<\/p>\n","protected":false},"author":131,"featured_media":0,"parent":2108,"menu_order":50,"comment_status":"closed","ping_status":"open","template":"","meta":{"_links_to":"","_links_to_target":""},"_links":{"self":[{"href":"https:\/\/prevencion.umh.es\/en\/wp-json\/wp\/v2\/pages\/1827"}],"collection":[{"href":"https:\/\/prevencion.umh.es\/en\/wp-json\/wp\/v2\/pages"}],"about":[{"href":"https:\/\/prevencion.umh.es\/en\/wp-json\/wp\/v2\/types\/page"}],"author":[{"embeddable":true,"href":"https:\/\/prevencion.umh.es\/en\/wp-json\/wp\/v2\/users\/131"}],"replies":[{"embeddable":true,"href":"https:\/\/prevencion.umh.es\/en\/wp-json\/wp\/v2\/comments?post=1827"}],"version-history":[{"count":0,"href":"https:\/\/prevencion.umh.es\/en\/wp-json\/wp\/v2\/pages\/1827\/revisions"}],"up":[{"embeddable":true,"href":"https:\/\/prevencion.umh.es\/en\/wp-json\/wp\/v2\/pages\/2108"}],"wp:attachment":[{"href":"https:\/\/prevencion.umh.es\/en\/wp-json\/wp\/v2\/media?parent=1827"}],"curies":[{"name":"wp","href":"https:\/\/api.w.org\/{rel}","templated":true}]}}