{"id":1832,"date":"2007-11-19T10:41:48","date_gmt":"2007-11-19T08:41:48","guid":{"rendered":"http:\/\/prevencion.zeus.umh.es\/2007\/11\/19\/08-peticion-de-medicamentos-y-otro-material\/"},"modified":"2023-06-08T12:55:14","modified_gmt":"2023-06-08T10:55:14","slug":"08-peticion-de-medicamentos-y-otro-material","status":"publish","type":"page","link":"https:\/\/prevencion.umh.es\/en\/servicio-medico\/01-generalidades\/08-peticion-de-medicamentos-y-otro-material\/","title":{"rendered":"Petici\u00f3n de medicamentos y otro material"},"content":{"rendered":"<p><\/p>\n<p><p>Para completar el material de primeros auxilios facilitado por la Mutua, la Universidad por medio del Servicio de Prevencion de Riesgos Laborales tambi\u00e9n facilita algunos medicamentos y otro material para mejora atenci\u00f3n de primeros auxilios. Cualquier otro tipo de medicamento o material deber\u00e1 ser adquirido directamente por la Unidad interesada.<br \/>\n<img src=\"https:\/\/prevencion.umh.es\/files\/2008\/04\/word.gif\" alt=\"word.gif\" \/><a title=\"solicitud medicamentos ver 3.doc\" href=\"https:\/\/prevencion.umh.es\/files\/2007\/11\/solicitud medicamentos ver 3.doc\"> solicitud medicamentos ver 3<\/a><\/p>\n<p>Cumplimentar y enviar al servicio m\u00e9dico.<\/p>\n<\/p>\n<p><\/p>","protected":false},"excerpt":{"rendered":"<p>Para completar el material de primeros auxilios facilitado por la Mutua, la Universidad por medio del Servicio de Prevencion de Riesgos Laborales tambi\u00e9n facilita algunos medicamentos y otro material para mejora atenci\u00f3n de primeros auxilios. Cualquier otro tipo de medicamento o material deber\u00e1 ser adquirido directamente por la Unidad interesada.<br \/>\n solicitud medicamentos ver 3<br \/>\nCumplimentar y [&#8230;]<\/p>\n","protected":false},"author":139,"featured_media":0,"parent":1827,"menu_order":25,"comment_status":"closed","ping_status":"closed","template":"","meta":{"_links_to":"","_links_to_target":""},"_links":{"self":[{"href":"https:\/\/prevencion.umh.es\/en\/wp-json\/wp\/v2\/pages\/1832"}],"collection":[{"href":"https:\/\/prevencion.umh.es\/en\/wp-json\/wp\/v2\/pages"}],"about":[{"href":"https:\/\/prevencion.umh.es\/en\/wp-json\/wp\/v2\/types\/page"}],"author":[{"embeddable":true,"href":"https:\/\/prevencion.umh.es\/en\/wp-json\/wp\/v2\/users\/139"}],"replies":[{"embeddable":true,"href":"https:\/\/prevencion.umh.es\/en\/wp-json\/wp\/v2\/comments?post=1832"}],"version-history":[{"count":0,"href":"https:\/\/prevencion.umh.es\/en\/wp-json\/wp\/v2\/pages\/1832\/revisions"}],"up":[{"embeddable":true,"href":"https:\/\/prevencion.umh.es\/en\/wp-json\/wp\/v2\/pages\/1827"}],"wp:attachment":[{"href":"https:\/\/prevencion.umh.es\/en\/wp-json\/wp\/v2\/media?parent=1832"}],"curies":[{"name":"wp","href":"https:\/\/api.w.org\/{rel}","templated":true}]}}