{"id":1838,"date":"2026-02-17T11:14:33","date_gmt":"2026-02-17T10:14:33","guid":{"rendered":"http:\/\/prevencion.zeus.umh.es\/2001\/03\/15\/componentes-del-css-componentes-del-css\/"},"modified":"2026-02-17T11:26:49","modified_gmt":"2026-02-17T10:26:49","slug":"componentes-del-css-componentes-del-css","status":"publish","type":"page","link":"https:\/\/prevencion.umh.es\/en\/011-introduccion\/componentes-del-css-componentes-del-css\/","title":{"rendered":"HSC Members"},"content":{"rendered":"<p><strong><span style=\"font-size: small\">DIRECTORIO CSS<\/span><br \/>\n<\/strong>The following table lists the people who are part of the Health and Safety and Committee (HSC):<\/p>\n<table style=\"height: 1990px\" width=\"699\">\n<tbody>\n<tr>\n<td width=\"189\">NAME<\/td>\n<td width=\"113\">APPOINTING AUTHORITY<\/td>\n<td width=\"104\">POSITION<\/td>\n<td width=\"170\">E-MAIL<\/td>\n<\/tr>\n<tr>\n<td width=\"189\">D. Pedro Gin\u00e9s Vicente<\/td>\n<td width=\"113\">Administration<\/td>\n<td width=\"104\">Committee President<\/td>\n<td width=\"170\"><span style=\"color: #0000ff\">pedro.vicente@umh.es<\/span><\/td>\n<\/tr>\n<tr>\n<td width=\"189\">D\u00aa. Emma Benlloch Marco<\/td>\n<td width=\"113\">Administration<\/td>\n<td width=\"104\">Committee\u00a0 \u00a0 Vice President<\/td>\n<td width=\"170\"><span style=\"color: #0000ff\">emma.benlloch@umh.es<\/span><\/td>\n<\/tr>\n<tr>\n<td width=\"189\">D\u00aa. Isabel Sanz L\u00f3pez<\/td>\n<td width=\"113\">Administration<\/td>\n<td width=\"104\"><\/td>\n<td width=\"170\"><span style=\"color: #0000ff\">i.sanz@umh.es<\/span><\/td>\n<\/tr>\n<tr>\n<td width=\"189\">D. Antonio Cardona Llorens<\/td>\n<td width=\"113\">Administration<\/td>\n<td width=\"104\"><\/td>\n<td width=\"170\"><span style=\"color: #0000ff\">antonio.cardona@umh.es<\/span><\/td>\n<\/tr>\n<tr>\n<td width=\"189\">D\u00aa. Juana Gallar Mart\u00ednez<\/td>\n<td width=\"113\">Administration<\/td>\n<td width=\"104\"><\/td>\n<td width=\"170\"><span style=\"color: #0000ff\">juana.gallar@umh.es<\/span><\/td>\n<\/tr>\n<tr>\n<td width=\"189\">D. Francisco Javier Andreu Rodr\u00edguez<\/td>\n<td width=\"113\">Administration<\/td>\n<td width=\"104\"><\/td>\n<td width=\"170\"><span style=\"color: #0000ff\">jandreu@umh.es<\/span><\/td>\n<\/tr>\n<tr>\n<td width=\"189\">D. Sergio Luna Lozano<\/td>\n<td width=\"113\">Administration<\/td>\n<td width=\"104\"><\/td>\n<td width=\"170\"><span style=\"color: #0000ff\">sluna@umh.es<\/span><\/td>\n<\/tr>\n<tr>\n<td width=\"189\">D. Gregorio Mart\u00ednez Almodovar<\/td>\n<td width=\"113\">Administration<\/td>\n<td width=\"104\"><\/td>\n<td width=\"170\"><span style=\"color: #0000ff\">gma@umh.es<\/span><\/td>\n<\/tr>\n<tr>\n<td width=\"189\">D. V\u00edctor Manuel Quesada P\u00e9rez<\/td>\n<td width=\"113\">Administration<\/td>\n<td width=\"104\"><\/td>\n<td width=\"170\"><span style=\"color: #0000ff\">vquesada@umh.es<\/span><\/td>\n<\/tr>\n<tr>\n<td width=\"189\">D. Abel Riquelme Navarro Arcas<\/td>\n<td width=\"113\">Administration<\/td>\n<td width=\"104\"><\/td>\n<td width=\"170\"><span style=\"color: #0000ff\">abel.navarro@umh.es<\/span><\/td>\n<\/tr>\n<tr>\n<td width=\"189\">D\u00aa. Elena L\u00f3pez Alonso<\/td>\n<td width=\"113\">Administration<\/td>\n<td width=\"104\"><\/td>\n<td width=\"170\"><span style=\"color: #0000ff\">elena.lopez@umh.es<\/span><\/td>\n<\/tr>\n<tr>\n<td width=\"189\">D. Antonio Ruiz Canales<\/td>\n<td width=\"113\">Junta de PDI<\/td>\n<td width=\"104\"><\/td>\n<td width=\"170\"><span style=\"color: #0000ff\">acanales@umh.es<\/span><\/td>\n<\/tr>\n<tr>\n<td width=\"189\">D\u00aa. Purificaci\u00f3n Cremades Garc\u00eda<\/td>\n<td width=\"113\">Junta de PDI<\/td>\n<td width=\"104\"><\/td>\n<td width=\"170\"><span style=\"color: #0000ff\">p.cremades@umh.es<\/span><\/td>\n<\/tr>\n<tr>\n<td width=\"189\">D\u00aa. Mar\u00eda del Carmen Terol Cantero<\/td>\n<td width=\"113\">Junta de PDI<\/td>\n<td width=\"104\"><\/td>\n<td width=\"170\"><span style=\"color: #0000ff\">macarmen@umh.es<\/span><\/td>\n<\/tr>\n<tr>\n<td width=\"189\">D\u00aa. Mar\u00eda Aurelia Torregrosa Mira<\/td>\n<td width=\"113\">Junta de PTGAS<\/td>\n<td width=\"104\"><\/td>\n<td width=\"170\"><span style=\"color: #0000ff\">m.torregrosa@umh.es<\/span><\/td>\n<\/tr>\n<tr>\n<td width=\"189\">D. Juan Agull\u00f3 Valero<\/td>\n<td width=\"113\">Junta de PTGAS<\/td>\n<td width=\"104\"><\/td>\n<td width=\"170\"><span style=\"color: #0000ff\">juan.agullo@umh.es<\/span><\/td>\n<\/tr>\n<tr>\n<td width=\"189\">D. Juan Luis Maestre Lorenzo<\/td>\n<td width=\"113\">Junta de PTGAS<\/td>\n<td width=\"104\"><\/td>\n<td width=\"170\"><span style=\"color: #0000ff\">jmaestre@umh.es<\/span><\/td>\n<\/tr>\n<tr>\n<td width=\"189\">D. Antonio Jos\u00e9 Guerrero Lucendo<\/td>\n<td width=\"113\">Junta de PTGAS<\/td>\n<td width=\"104\"><\/td>\n<td width=\"170\"><span style=\"color: #0000ff\">aguerrero@umh.es<\/span><\/td>\n<\/tr>\n<tr>\n<td width=\"189\">D\u00aa. Ana Isabel Pombero Garc\u00eda<\/td>\n<td width=\"113\">Comit\u00e9 de Empresa<\/td>\n<td width=\"104\"><\/td>\n<td width=\"170\"><span style=\"color: #0000ff\">apombero@umh.es<\/span><\/td>\n<\/tr>\n<tr>\n<td width=\"189\">D. Carlos Enrique Falces Delgado<\/td>\n<td width=\"113\">Comit\u00e9 de Empresa<\/td>\n<td width=\"104\"><\/td>\n<td width=\"170\"><span style=\"color: #0000ff\">carlos.falces@umh.es<\/span><\/td>\n<\/tr>\n<tr>\n<td width=\"189\">D\u00aa. Amelia Ram\u00f3n L\u00f3pez<\/td>\n<td width=\"113\">Comit\u00e9 de Empresa<\/td>\n<td width=\"104\">Committee secretary<\/td>\n<td width=\"170\"><span style=\"color: #0000ff\">aramon@umh.es<\/span><\/td>\n<\/tr>\n<tr>\n<td width=\"189\">D\u00aa. Mar\u00eda Jes\u00fas Navarro R\u00edos<\/td>\n<td width=\"113\">Comit\u00e9 de Empresa<\/td>\n<td width=\"104\"><\/td>\n<td width=\"170\"><span style=\"color: #0000ff\">mjnavarro@umh.es<\/span><\/td>\n<\/tr>\n<\/tbody>\n<\/table>\n<p data-path-to-node=\"1\">The technicians from the Occupational Risk Prevention Section attend the Committee with the right to speak but without the right to vote.&#8221;<\/p>\n<p class=\"Default\" style=\"margin: 0cm 0cm 0pt\"><span style=\"font-size: small;font-family: Arial\">\u00a0<\/span><\/p>\n<p class=\"Default\" style=\"margin: 0cm 0cm 0pt\"><span style=\"font-size: small;font-family: Arial\">\u00daltima actualizaci\u00f3n 17\/02\/2026<\/span><\/p>\n<p class=\"Default\" style=\"margin: 0cm 0cm 0pt\"><span style=\"font-size: small;font-family: Arial\">\u00a0<\/span><\/p>\n<p><\/p>","protected":false},"excerpt":{"rendered":"<p>DIRECTORIO CSS<br \/>\nThe following table lists the people who are part of the Health and Safety and Committee (HSC):<\/p>\n<p>NAME<br \/>\nAPPOINTING AUTHORITY<br \/>\nPOSITION<br \/>\nE-MAIL<\/p>\n<p>D. Pedro Gin\u00e9s Vicente<br \/>\nAdministration<br \/>\nCommittee President<br \/>\npedro.vicente@umh.es<\/p>\n<p>D\u00aa. Emma Benlloch Marco<br \/>\nAdministration<br \/>\nCommittee\u00a0 \u00a0 Vice President<br \/>\nemma.benlloch@umh.es<\/p>\n<p>D\u00aa. Isabel Sanz L\u00f3pez<br \/>\nAdministration<\/p>\n<p>i.sanz@umh.es<\/p>\n<p>D. Antonio Cardona Llorens<br \/>\nAdministration<\/p>\n<p>antonio.cardona@umh.es<\/p>\n<p>D\u00aa. Juana Gallar Mart\u00ednez<br \/>\nAdministration<\/p>\n<p>juana.gallar@umh.es<\/p>\n<p>D. Francisco Javier Andreu Rodr\u00edguez<br \/>\nAdministration<\/p>\n<p>jandreu@umh.es<\/p>\n<p>D. Sergio Luna Lozano<br \/>\nAdministration<\/p>\n<p>sluna@umh.es<\/p>\n<p>D. Gregorio Mart\u00ednez Almodovar<br \/>\nAdministration<\/p>\n<p>gma@umh.es<\/p>\n<p>D. V\u00edctor Manuel Quesada P\u00e9rez<br \/>\nAdministration<\/p>\n<p>vquesada@umh.es<\/p>\n<p>D. Abel Riquelme Navarro [&#8230;]<\/p>\n","protected":false},"author":139,"featured_media":0,"parent":1699,"menu_order":30,"comment_status":"closed","ping_status":"open","template":"","meta":{"_links_to":"","_links_to_target":""},"_links":{"self":[{"href":"https:\/\/prevencion.umh.es\/en\/wp-json\/wp\/v2\/pages\/1838"}],"collection":[{"href":"https:\/\/prevencion.umh.es\/en\/wp-json\/wp\/v2\/pages"}],"about":[{"href":"https:\/\/prevencion.umh.es\/en\/wp-json\/wp\/v2\/types\/page"}],"author":[{"embeddable":true,"href":"https:\/\/prevencion.umh.es\/en\/wp-json\/wp\/v2\/users\/139"}],"replies":[{"embeddable":true,"href":"https:\/\/prevencion.umh.es\/en\/wp-json\/wp\/v2\/comments?post=1838"}],"version-history":[{"count":0,"href":"https:\/\/prevencion.umh.es\/en\/wp-json\/wp\/v2\/pages\/1838\/revisions"}],"up":[{"embeddable":true,"href":"https:\/\/prevencion.umh.es\/en\/wp-json\/wp\/v2\/pages\/1699"}],"wp:attachment":[{"href":"https:\/\/prevencion.umh.es\/en\/wp-json\/wp\/v2\/media?parent=1838"}],"curies":[{"name":"wp","href":"https:\/\/api.w.org\/{rel}","templated":true}]}}