{"id":1846,"date":"2002-09-19T07:14:19","date_gmt":"2002-09-19T05:14:19","guid":{"rendered":"http:\/\/prevencion.zeus.umh.es\/2002\/09\/19\/20-seguridad-y-salud-en-los-laboratorios-y-talleres-de-la-umh\/"},"modified":"2002-09-19T07:14:19","modified_gmt":"2002-09-19T05:14:19","slug":"20-seguridad-y-salud-en-los-laboratorios-y-talleres-de-la-umh","status":"publish","type":"page","link":"https:\/\/prevencion.umh.es\/en\/informacion-en-prl\/prl-para-alumnos\/20-seguridad-y-salud-en-los-laboratorios-y-talleres-de-la-umh\/","title":{"rendered":"Seguridad y salud en los laboratorios y talleres de la UMH."},"content":{"rendered":"<p>Los laboratorios y talleres presentan Riesgos con posibles consecuencias muy variadas , derivadas de :<\/p>\n<p>&#8211; Instalaciones y equipos de trabajo utilizados.<\/p>\n<p>&#8211; Productos, energ\u00edas y organismos empleados.<\/p>\n<p>&#8211; Operaciones realizadas.<\/p>\n<p>\u00a0<\/p>\n<p>Con el fin de fomentar la cultura de prevenci\u00f3n entre nuestros Estudiantes, el Servicio de Prevenci\u00f3n, ha editado dos tr\u00edpticos que recogen de forma resumida las recomedaciones de seguridad que cualquier alumno \/ a de la Universidad debe seguir en la realizaci\u00f3n de practicas en laboratorios y talleres.<\/p>\n<p>Estos tr\u00edpticos, se incluyen a continuaci\u00f3n:<\/p>\n<p><img src=\"https:\/\/prevencion.umh.es\/files\/2008\/04\/pdf.gif\" alt=\"pdf.gif\" \/><a title=\"seguridad en el laboratorio.pdf\" href=\"https:\/\/prevencion.umh.es\/files\/2002\/09\/seguridad en el laboratorio.pdf\"> seguridad en el laboratorio<\/a><br \/>\n<img src=\"https:\/\/prevencion.umh.es\/files\/2008\/04\/pdf.gif\" alt=\"pdf.gif\" \/><a title=\"tripitico seguridad talleres.pdf\" href=\"https:\/\/prevencion.umh.es\/files\/2002\/09\/tripitico seguridad talleres.pdf\"> tripitico seguridad talleres<\/a><\/p>\n","protected":false},"excerpt":{"rendered":"<p>Los laboratorios y talleres presentan Riesgos con posibles consecuencias muy variadas , derivadas de :<br \/>\n&#8211; Instalaciones y equipos de trabajo utilizados.<br \/>\n&#8211; Productos, energ\u00edas y organismos empleados.<br \/>\n&#8211; Operaciones realizadas.<br \/>\n\u00a0<br \/>\nCon el fin de fomentar la cultura de prevenci\u00f3n entre nuestros Estudiantes, el Servicio de Prevenci\u00f3n, ha editado dos tr\u00edpticos que recogen de forma resumida las recomedaciones de [&#8230;]<\/p>\n","protected":false},"author":1,"featured_media":0,"parent":2195,"menu_order":20,"comment_status":"closed","ping_status":"open","template":"","meta":{"_links_to":"","_links_to_target":""},"_links":{"self":[{"href":"https:\/\/prevencion.umh.es\/en\/wp-json\/wp\/v2\/pages\/1846"}],"collection":[{"href":"https:\/\/prevencion.umh.es\/en\/wp-json\/wp\/v2\/pages"}],"about":[{"href":"https:\/\/prevencion.umh.es\/en\/wp-json\/wp\/v2\/types\/page"}],"author":[{"embeddable":true,"href":"https:\/\/prevencion.umh.es\/en\/wp-json\/wp\/v2\/users\/1"}],"replies":[{"embeddable":true,"href":"https:\/\/prevencion.umh.es\/en\/wp-json\/wp\/v2\/comments?post=1846"}],"version-history":[{"count":0,"href":"https:\/\/prevencion.umh.es\/en\/wp-json\/wp\/v2\/pages\/1846\/revisions"}],"up":[{"embeddable":true,"href":"https:\/\/prevencion.umh.es\/en\/wp-json\/wp\/v2\/pages\/2195"}],"wp:attachment":[{"href":"https:\/\/prevencion.umh.es\/en\/wp-json\/wp\/v2\/media?parent=1846"}],"curies":[{"name":"wp","href":"https:\/\/api.w.org\/{rel}","templated":true}]}}