{"id":1847,"date":"2003-04-16T07:39:18","date_gmt":"2003-04-16T05:39:18","guid":{"rendered":"http:\/\/prevencion.zeus.umh.es\/2003\/04\/16\/01-boletin-de-noticias-de-la-red-espa\u00f1ola-de-seguridad-y-salud-en-el-trabajo\/"},"modified":"2015-09-17T10:03:30","modified_gmt":"2015-09-17T08:03:30","slug":"01-boletin-de-noticias-de-la-red-espanola-de-seguridad-y-salud-en-el-trabajo","status":"publish","type":"page","link":"https:\/\/prevencion.umh.es\/en\/informacion-en-prl\/01-boletin-de-noticias-de-la-red-espanola-de-seguridad-y-salud-en-el-trabajo\/","title":{"rendered":"Boletin Red Espa\u00f1ola de Seguridad y Salud en el Trabajo"},"content":{"rendered":"<p>Recopilaci\u00f3n de noticias que facilita la red de seguridad espa\u00f1ola, mediante el enlace proporcionado por el INSHT:<br \/>\n<a href=\"http:\/\/es.osha.europa.eu\/global_news\/index.stm#servicios\"><span style=\"text-decoration: underline\">http:\/\/es.osha.europa.eu\/global_news\/index.stm#servicios<\/span><\/a><\/p>","protected":false},"excerpt":{"rendered":"<p>Recopilaci\u00f3n de noticias que facilita la red de seguridad espa\u00f1ola, mediante el enlace proporcionado por el INSHT:<br \/>\nhttp:\/\/es.osha.europa.eu\/global_news\/index.stm#servicios<\/p>\n","protected":false},"author":1,"featured_media":0,"parent":2204,"menu_order":60,"comment_status":"closed","ping_status":"open","template":"","meta":{"_links_to":"","_links_to_target":""},"_links":{"self":[{"href":"https:\/\/prevencion.umh.es\/en\/wp-json\/wp\/v2\/pages\/1847"}],"collection":[{"href":"https:\/\/prevencion.umh.es\/en\/wp-json\/wp\/v2\/pages"}],"about":[{"href":"https:\/\/prevencion.umh.es\/en\/wp-json\/wp\/v2\/types\/page"}],"author":[{"embeddable":true,"href":"https:\/\/prevencion.umh.es\/en\/wp-json\/wp\/v2\/users\/1"}],"replies":[{"embeddable":true,"href":"https:\/\/prevencion.umh.es\/en\/wp-json\/wp\/v2\/comments?post=1847"}],"version-history":[{"count":0,"href":"https:\/\/prevencion.umh.es\/en\/wp-json\/wp\/v2\/pages\/1847\/revisions"}],"up":[{"embeddable":true,"href":"https:\/\/prevencion.umh.es\/en\/wp-json\/wp\/v2\/pages\/2204"}],"wp:attachment":[{"href":"https:\/\/prevencion.umh.es\/en\/wp-json\/wp\/v2\/media?parent=1847"}],"curies":[{"name":"wp","href":"https:\/\/api.w.org\/{rel}","templated":true}]}}