{"id":2090,"date":"2003-04-16T07:53:56","date_gmt":"2003-04-16T05:53:56","guid":{"rendered":"http:\/\/prevencion.zeus.umh.es\/2003\/04\/16\/10-edicion-de-carteles-y-tripticos-para-la-difusion-de-la-prevencion\/"},"modified":"2023-01-23T14:13:09","modified_gmt":"2023-01-23T13:13:09","slug":"10-edicion-de-carteles-y-tripticos-para-la-difusion-de-la-prevencion","status":"publish","type":"page","link":"https:\/\/prevencion.umh.es\/en\/informacion-en-prl\/10-edicion-de-carteles-y-tripticos-para-la-difusion-de-la-prevencion\/","title":{"rendered":"Ediciones de carteles y tr\u00edpticos"},"content":{"rendered":"<p>Uno de los objetivos de Servicio, es fomentar la actividad informativa, con la edici\u00f3n de carteles y tr\u00edpticos de recomendaciones de seguridad y salud para las actividades realizadas en la Universidad.<\/p>\n<p>Pueden solicitarse a \u00e9ste servicio, rellenando el formulario que se encuentra al final de est\u00e1 p\u00e1gina, los siguientes elementos:<\/p>\n<p><strong>Tr\u00edpticos:<\/strong><\/p>\n<ul>\n<li style=\"list-style-type: none\">\n<ul>o \u201cNormas de seguridad y salud en laboratorios de la UMH\u201d.<\/ul>\n<\/li>\n<\/ul>\n<ul>o \u201cNormas de seguridad y salud en el taller\u201d<\/ul>\n<ul>\n<li style=\"list-style-type: none\">\n<ul>&#8211; D\u00edptico:<\/ul>\n<\/li>\n<\/ul>\n<p><strong>Consejos de Seguridad y Salud para Estudiantes\u00a0<\/strong><\/p>\n<ul>\n<li style=\"list-style-type: none\">\n<ul>en formato papel, s\u00f3lo disponible en espa\u00f1ol. Para\u00a0descarga del mismo en pdf, o consulta en otro idioma,<\/ul>\n<\/li>\n<\/ul>\n<p><a href=\"https:\/\/prevencion.umh.es\/informacion-en-prl\/prl-para-alumnos\/10-consejos-de-seguridad-para-estudiantes-de-la-umh\/\" target=\"_blank\" rel=\"noopener noreferrer\">aqui<\/a><\/p>\n<p><strong>Carteles.<\/strong><\/p>\n<p>Formato A3:<\/p>\n<ul>\n<li style=\"list-style-type: none\">\n<ul>&#8211; \u201cManipulaci\u00f3n manual de cargas\u201d.<\/ul>\n<\/li>\n<\/ul>\n<ul>\n<li style=\"list-style-type: none\">\n<ul>&#8211; \u201cPantallas de visualizaci\u00f3n de datos\u201d.<\/ul>\n<\/li>\n<\/ul>\n<ul>\n<li style=\"list-style-type: none\">\n<ul>&#8211; \u201cAlmacenamiento de productos qu\u00edmicos\u201d.<\/ul>\n<\/li>\n<\/ul>\n<ul>\n<li style=\"list-style-type: none\">\n<ul>&#8211; \u201cNormas generales de evacuaci\u00f3n\u201d<\/ul>\n<\/li>\n<\/ul>\n<p><em> ( personalizados con el punto de reuni\u00f3n para cada aulario).<\/em><\/p>\n<ul>\n<li style=\"list-style-type: none\">\n<ul>&#8211; \u201cRecordatorio de reconocimiento m\u00e9dico voluntario\u201d.<\/ul>\n<\/li>\n<\/ul>\n<ul>\n<li style=\"list-style-type: none\">\n<ul>&#8211; \u201cEvitar accidentes est\u00e1 en tu mano\u201d<\/ul>\n<\/li>\n<\/ul>\n<p><em> (necesidad de investigar los accidentes).<\/em><\/p>\n<ul>\n<li style=\"list-style-type: none\">\n<ul>&#8211; \u201cElige bien protege tus manos\u201d<\/ul>\n<\/li>\n<\/ul>\n<p><em> (sobre los guantes de protecci\u00f3n para actividades en laboratorios y talleres\u201d.<\/em><\/p>\n<ul>\n<li style=\"list-style-type: none\">\n<ul>&#8211;<\/ul>\n<\/li>\n<\/ul>\n<p><em> \u201c<\/em><\/p>\n<ul>\n<li style=\"list-style-type: none\">\n<ul>Cabinas de seguridad\u201d<\/ul>\n<\/li>\n<\/ul>\n<p><em> (sobre los distintos de cabinas de seguridad, y su selecci\u00f3n adecuada)<\/em><br \/>\n<em>&#8211;<\/em><\/p>\n<ul>\n<li style=\"list-style-type: none\">\n<ul>&#8220;<\/ul>\n<\/li>\n<\/ul>\n<p><strong>Riesgos de los productos Quimicos: Pictogrmas<\/strong><\/p>\n<ul>\n<li style=\"list-style-type: none\">\n<ul>&#8220;<\/ul>\n<\/li>\n<\/ul>\n<p><em> (Equivalencias nuevo etiquetado seg\u00fan Reglamento CE y actual<\/em><\/p>\n<ul>)<\/ul>\n<p>Formato A0:<br \/>\n&#8211; \u201cPrevenci\u00f3n del riesgo en el Laboratorio\u201d .<em> (agotado)<\/em><\/p>\n<p><div role=\"form\" class=\"wpcf7\" id=\"wpcf7-f4325-o2\" lang=\"es-ES\" dir=\"ltr\">\n<div class=\"screen-reader-response\"><p role=\"status\" aria-live=\"polite\" aria-atomic=\"true\"><\/p> <ul><\/ul><\/div>\n<form action=\"\/en\/wp-json\/wp\/v2\/pages\/2090#wpcf7-f4325-o2\" method=\"post\" class=\"wpcf7-form init\" novalidate=\"novalidate\" data-status=\"init\">\n<div style=\"display: none;\">\n<input type=\"hidden\" name=\"_wpcf7\" value=\"4325\" \/>\n<input type=\"hidden\" name=\"_wpcf7_version\" value=\"5.5.2\" \/>\n<input type=\"hidden\" name=\"_wpcf7_locale\" value=\"es_ES\" \/>\n<input type=\"hidden\" name=\"_wpcf7_unit_tag\" value=\"wpcf7-f4325-o2\" \/>\n<input type=\"hidden\" name=\"_wpcf7_container_post\" value=\"0\" \/>\n<input type=\"hidden\" name=\"_wpcf7_posted_data_hash\" value=\"\" \/>\n<input type=\"hidden\" name=\"_wpcf7_recaptcha_response\" value=\"\" \/>\n<\/div>\n<table>\n<tr>\n<th colspan=\"2\">Buz\u00f3n de solicitud de carteles y tr\u00edpticos:<\/th>\n<\/tr>\n<tr>\n<th colspan=\"2\">(*) Campos requeridos<\/th>\n<\/tr>\n<tr>\n<td>Nombre (*):<\/td>\n<td>\n    <span class=\"wpcf7-form-control-wrap nombre\"><input type=\"text\" name=\"nombre\" value=\"\" size=\"40\" class=\"wpcf7-form-control wpcf7-text wpcf7-validates-as-required\" aria-required=\"true\" aria-invalid=\"false\" \/><\/span> <\/td>\n<\/tr>\n<tr>\n<td>Unidad en la que desarrolla su trabajo:<\/td>\n<td>\n    <span class=\"wpcf7-form-control-wrap unidad\"><input type=\"text\" name=\"unidad\" value=\"\" size=\"40\" class=\"wpcf7-form-control wpcf7-text\" aria-invalid=\"false\" \/><\/span> <\/td>\n<\/tr>\n<tr>\n<td>Material solicitado:<\/td>\n<td>\n    <span class=\"wpcf7-form-control-wrap material\"><textarea name=\"material\" cols=\"40\" rows=\"10\" class=\"wpcf7-form-control wpcf7-textarea\" aria-invalid=\"false\"><\/textarea><\/span> <\/td>\n<\/tr>\n<tr>\n<td>Motivaci\u00f3n:<\/td>\n<td>\n    <span class=\"wpcf7-form-control-wrap motivo\"><input type=\"text\" name=\"motivo\" value=\"\" size=\"40\" class=\"wpcf7-form-control wpcf7-text\" aria-invalid=\"false\" \/><\/span> <\/td>\n<\/tr>\n<tr>\n<td>Direcci\u00f3n de envio:<\/td>\n<td>\n    <span class=\"wpcf7-form-control-wrap envio\"><input type=\"text\" name=\"envio\" value=\"\" size=\"40\" class=\"wpcf7-form-control wpcf7-text\" aria-invalid=\"false\" \/><\/span> <\/td>\n<\/tr>\n<tr>\n<td>Observaciones:<\/td>\n<td>\n    <span class=\"wpcf7-form-control-wrap mensaje\"><textarea name=\"mensaje\" cols=\"40\" rows=\"10\" class=\"wpcf7-form-control wpcf7-textarea\" aria-invalid=\"false\"><\/textarea><\/span> <\/td>\n<\/tr>\n<tr colspan=\"2\">\n<td  colspan=\"2\">\n<span class=\"wpcf7-form-control-wrap recaptcha\" data-name=\"recaptcha\"><span data-sitekey=\"6LdoYCckAAAAAPgmKlpU5rIrxI6dbPh9xkctj6p2\" class=\"wpcf7-form-control g-recaptcha wpcf7-recaptcha\"><\/span>\r\n<noscript>\r\n\t<div class=\"grecaptcha-noscript\">\r\n\t\t<iframe src=\"https:\/\/www.google.com\/recaptcha\/api\/fallback?k=6LdoYCckAAAAAPgmKlpU5rIrxI6dbPh9xkctj6p2\" frameborder=\"0\" scrolling=\"no\" width=\"310\" height=\"430\">\r\n\t\t<\/iframe>\r\n\t\t<textarea name=\"g-recaptcha-response\" rows=\"3\" cols=\"40\" placeholder=\"reCaptcha Response Here\">\r\n\t\t<\/textarea>\r\n\t<\/div>\r\n<\/noscript>\r\n<\/span>\n<\/td>\n<\/tr>\n<tr>\n<td colspan=\"2\"><input type=\"submit\" value=\"Enviar\" class=\"wpcf7-form-control has-spinner wpcf7-submit\" \/><\/td>\n<\/tr>\n<\/table>\n<div class=\"wpcf7-response-output\" aria-hidden=\"true\"><\/div><\/form><\/div><\/p>","protected":false},"excerpt":{"rendered":"<p>Uno de los objetivos de Servicio, es fomentar la actividad informativa, con la edici\u00f3n de carteles y tr\u00edpticos de recomendaciones de seguridad y salud para las actividades realizadas en la Universidad.<br \/>\nPueden solicitarse a \u00e9ste servicio, rellenando el formulario que se encuentra al final de est\u00e1 p\u00e1gina, los siguientes elementos:<br \/>\nTr\u00edpticos:<\/p>\n<p>o \u201cNormas de seguridad y salud en [&#8230;]<\/p>\n","protected":false},"author":1,"featured_media":0,"parent":2204,"menu_order":40,"comment_status":"closed","ping_status":"open","template":"","meta":{"_links_to":"","_links_to_target":""},"_links":{"self":[{"href":"https:\/\/prevencion.umh.es\/en\/wp-json\/wp\/v2\/pages\/2090"}],"collection":[{"href":"https:\/\/prevencion.umh.es\/en\/wp-json\/wp\/v2\/pages"}],"about":[{"href":"https:\/\/prevencion.umh.es\/en\/wp-json\/wp\/v2\/types\/page"}],"author":[{"embeddable":true,"href":"https:\/\/prevencion.umh.es\/en\/wp-json\/wp\/v2\/users\/1"}],"replies":[{"embeddable":true,"href":"https:\/\/prevencion.umh.es\/en\/wp-json\/wp\/v2\/comments?post=2090"}],"version-history":[{"count":0,"href":"https:\/\/prevencion.umh.es\/en\/wp-json\/wp\/v2\/pages\/2090\/revisions"}],"up":[{"embeddable":true,"href":"https:\/\/prevencion.umh.es\/en\/wp-json\/wp\/v2\/pages\/2204"}],"wp:attachment":[{"href":"https:\/\/prevencion.umh.es\/en\/wp-json\/wp\/v2\/media?parent=2090"}],"curies":[{"name":"wp","href":"https:\/\/api.w.org\/{rel}","templated":true}]}}