{"id":2139,"date":"2011-05-16T10:03:45","date_gmt":"2011-05-16T08:03:45","guid":{"rendered":"http:\/\/prevencion.zeus.umh.es\/?page_id=2139"},"modified":"2016-06-14T11:55:11","modified_gmt":"2016-06-14T09:55:11","slug":"documentacion","status":"publish","type":"page","link":"https:\/\/prevencion.umh.es\/en\/plan-de-prevencion\/documentacion\/","title":{"rendered":"Documents"},"content":{"rendered":"<p><\/p>\n<div><\/div>\n<p><span style=\"font-size: medium\"><\/p>\n<p align=\"justify\">Las actividades de prevenci\u00f3n en el seno de cada Unidad, en sinton\u00eda con legislaci\u00f3n vigente, se desarrollar\u00e1n\/organizar\u00e1n de acuerdo por su actividad espec\u00edfica en\/por una serie de documentos de trabajo:<\/p>\n<p align=\"justify\">\u00a0<\/p>\n<p align=\"justify\">Procedimientos (1).<\/p>\n<p align=\"justify\">Instrucciones operativas (1).<\/p>\n<p align=\"justify\">Procesos.<\/p>\n<p align=\"justify\">Protocolos.<\/p>\n<p align=\"justify\">Registros<\/p>\n<p align=\"justify\">Registros de registros (inventario de registros).<\/p>\n<p align=\"justify\">Evaluaciones iniciales, revisiones (2)<\/p>\n<p align=\"justify\">Planificaciones (3), programas de actividad preventiva, autoevaluaciones de integracion.<\/p>\n<p align=\"justify\">Auditorias.(2)<\/p>\n<p align=\"justify\">\u2026.<\/p>\n<p align=\"justify\">\u00a0<\/p>\n<p align=\"justify\">(1) Pueden haber documentos de este tipo generales de la Universidad, como son los reflejados en el apartado Instrucciones y procedimientos de esta Web del Servicio de Prevenci\u00f3n, sin embargo las Unidades pueden desarrollar documentos de este tipo par la gesti\u00f3n interna de la PRL de acuerdo a su organizaci\u00f3n y actividades realizadas.<\/p>\n<p align=\"justify\">\u00a0<\/p>\n<p align=\"justify\">(2) Documentos generados por el Servicio de prevenci\u00f3n de riesgos laborales o entidades externas.<\/p>\n<p align=\"justify\">\u00a0<\/p>\n<p align=\"justify\">(3) Al menos existir\u00e1 la planificaci\u00f3n inicial de la implantaci\u00f3n en la Unidad de la Prevencion tras la evaluacion incial.<\/p>\n<p align=\"justify\">\u00a0<\/p>\n<p align=\"justify\">\u00a0<\/p>\n<p align=\"justify\">\u00a0<\/p>\n<p align=\"justify\">Derivados de las exigencias normativas en prevenci\u00f3n de riesgos laborales, m\u00e1s las evidencias exigidas por cualquier sistema basado en la mejora continua, ser\u00e1 preciso el mantenimiento de una documentaci\u00f3n compuesta por registros y\/o por inventarios, que recojan evidencias de lo que se usa y de lo que se hace.<\/p>\n<p align=\"justify\">\u00a0<\/p>\n<p align=\"justify\">Procesos, o protocolos, de uso habitual en el trabajo docente, investigador, y administrativo, pueden y deben de integrar las actividades de prevenci\u00f3n que sean necesarias, al igual que nada impide para favorecer la integraci\u00f3n de la gesti\u00f3n de la Prevenci\u00f3n de riesgos laborales, en la gesti\u00f3n habitual, que estatutos, reglamentos, y\/o normas organizativas de Institutos, Centros y Departamentos contemplen reglas en materia de Prevenci\u00f3n de Riesgos Laborales<\/p>\n<p align=\"justify\">\u00a0<\/p>\n<p align=\"justify\">Este conjunto documental, tiene por objeto permitir el mantenimiento del Sistema de Gesti\u00f3n Preventiva y Mejora de las Condiciones de Trabajo en el seno de la Unidad y la documentaci\u00f3n de las actuaciones en materia de prevenci\u00f3n, facilitando as\u00ed la revisi\u00f3n de las actuaciones, auditorias e incluso las posibles inspecciones de trabajo y seguridad y social.<\/p>\n<p>Desde que se inici\u00f3 la aplicaci\u00f3n del Plan de Prevenci\u00f3n en la Universidad, viene siendo frecuente que tras la evaluaci\u00f3n de Riesgos desde el Servicio de Prevenci\u00f3n, se adjunten tras la evaluaci\u00f3n de riesgos, para el desarrollo de la planificaci\u00f3n de la actividad preventiva, modelos y ejemplos de la documentaci\u00f3n a mantener, organizaci\u00f3n general de la documentaci\u00f3n, sugerencias de planes de actividad preventiva, planes de emergencia de laboratorio etc.,<\/p>\n<p>Estos documentos se preve\u00edan a nivel de dise\u00f1o, dentro de los Manuales de Prevenci\u00f3n para Unidades (como desarrollo de los planes verticales) que en su d\u00eda se presentaron y aprobaron por el Comit\u00e9 de Seguridad y Salud.<\/p>\n<p>La experiencia de las implantaciones efectuadas, nos permite ahora editar para su uso y consulta recomendaciones y ejemplos de estos documentos para su consulta y uso.<\/p>\n<p>\u00a0<\/p>\n<p>\u00a0<\/p>\n<p><\/span><\/p>","protected":false},"excerpt":{"rendered":"<p>Las actividades de prevenci\u00f3n en el seno de cada Unidad, en sinton\u00eda con legislaci\u00f3n vigente, se desarrollar\u00e1n\/organizar\u00e1n de acuerdo por su actividad espec\u00edfica en\/por una serie de documentos de trabajo:<br \/>\n\u00a0<br \/>\nProcedimientos (1).<br \/>\nInstrucciones operativas (1).<br \/>\nProcesos.<br \/>\nProtocolos.<br \/>\nRegistros<br \/>\nRegistros de registros (inventario de registros).<br \/>\nEvaluaciones iniciales, revisiones (2)<br \/>\nPlanificaciones (3), programas de actividad preventiva, autoevaluaciones de integracion.<br \/>\nAuditorias.(2)<br \/>\n\u2026.<br \/>\n\u00a0<br \/>\n(1) Pueden haber documentos de este tipo [&#8230;]<\/p>\n","protected":false},"author":131,"featured_media":0,"parent":2131,"menu_order":40,"comment_status":"closed","ping_status":"open","template":"","meta":{"_links_to":"","_links_to_target":""},"_links":{"self":[{"href":"https:\/\/prevencion.umh.es\/en\/wp-json\/wp\/v2\/pages\/2139"}],"collection":[{"href":"https:\/\/prevencion.umh.es\/en\/wp-json\/wp\/v2\/pages"}],"about":[{"href":"https:\/\/prevencion.umh.es\/en\/wp-json\/wp\/v2\/types\/page"}],"author":[{"embeddable":true,"href":"https:\/\/prevencion.umh.es\/en\/wp-json\/wp\/v2\/users\/131"}],"replies":[{"embeddable":true,"href":"https:\/\/prevencion.umh.es\/en\/wp-json\/wp\/v2\/comments?post=2139"}],"version-history":[{"count":0,"href":"https:\/\/prevencion.umh.es\/en\/wp-json\/wp\/v2\/pages\/2139\/revisions"}],"up":[{"embeddable":true,"href":"https:\/\/prevencion.umh.es\/en\/wp-json\/wp\/v2\/pages\/2131"}],"wp:attachment":[{"href":"https:\/\/prevencion.umh.es\/en\/wp-json\/wp\/v2\/media?parent=2139"}],"curies":[{"name":"wp","href":"https:\/\/api.w.org\/{rel}","templated":true}]}}