{"id":2142,"date":"2011-05-16T10:10:19","date_gmt":"2011-05-16T08:10:19","guid":{"rendered":"http:\/\/prevencion.zeus.umh.es\/?page_id=2142"},"modified":"2016-06-14T12:13:43","modified_gmt":"2016-06-14T10:13:43","slug":"servicios-administrativos","status":"publish","type":"page","link":"https:\/\/prevencion.umh.es\/en\/plan-de-prevencion\/documentacion\/servicios-administrativos\/","title":{"rendered":"Servicios administrativos"},"content":{"rendered":"<p><\/p>\n<div><span style=\"font-size: medium\">Un Servicio o una Unidad deber\u00edan de disponer de la siguiente informaci\u00f3n.<\/span><\/div>\n<div><span style=\"font-size: medium\">\u00a0<\/span><\/div>\n<p><span style=\"font-size: medium\"><\/p>\n<p align=\"justify\">Evaluaciones iniciales de riesgos, revisiones.<\/p>\n<p align=\"justify\">Planificaciones.<\/p>\n<p align=\"justify\">Autoevaluaciones de integraci\u00f3n (Autoevaluaci\u00f3n en apartado &#8220;prevenci\u00f3n multimedia&#8221; de esta Web.<\/p>\n<p align=\"justify\">Registro de conocimiento del manual de autoprotecci\u00f3n, tel\u00e9fono de emergencia de la Universidad, y forma de dar la alama y evacuaci\u00f3n del edificio donde se ubica. Ver formatos en el apartado &#8220;plan de emergencia&#8221; en esta Web.<\/p>\n<p align=\"justify\">Registro de equipos de trabajo (si los hay de alguna complejidad), Instrucciones coleccionadas a disposici\u00f3n del personal (ver procedimiento en esta Web).<\/p>\n<p align=\"justify\">En su caso registro de lectura e informaci\u00f3n del manual de seguridad en el trabajo en oficinas (ver apartado instrucciones en esta Web).<\/p>\n<p align=\"justify\">En su caso registro de incidentes y accidentes y formularios cumplimentados de las investigaciones realizadas (e informes de seguimiento que fueren necesarios), ver procedimiento en esta Web.<\/p>\n<p align=\"justify\">Programa actualizado de actividad preventiva, se adjunta ejemplo:<\/p>\n<p align=\"justify\">\u00a0<a href=\"https:\/\/prevencion.umh.es\/files\/2011\/05\/ejemplo-de-programa-de-actividades-preventivas-oficina.doc\">ejemplo-de-programa-de-actividades-preventivas-oficina<\/a><\/p>\n<div><span style=\"font-size: medium\">\u00a0<\/span><\/div>\n<p><span style=\"font-size: medium\"><\/p>\n<p align=\"justify\">Aquellos servicios que por su actividad con riesgos, necesiten de equipos de protecci\u00f3n individual (EPI): registro de equipos y formularios de entrega ( ver procedimiento en esta Web).<\/p>\n<p align=\"justify\">Aquellos servicios donde por externalizacion de actividades o convenios haya personal de otras empresas: <em>por cada centro de trabajo <\/em>(campus y sede) necesitar\u00e1n disponer de (ver procedimiento de coordinaci\u00f3n de actividades empresariales en materia de prevenci\u00f3n en el apartado procedimientos de esta Web):<\/p>\n<p align=\"justify\">&#8211; Contrato o convenio inicial.<\/p>\n<p align=\"justify\">&#8211; Documentos de intercambio: a) Copia &#8220;con recibi&#8221; o similar, de informaci\u00f3n de riesgos facilitada. b) Informaci\u00f3n de riesgos recibida: riesgos para nuestros trabajadores, certificado de haber efectuado la evaluaci\u00f3n en nuestros locales, certificados de informaci\u00f3n y formaci\u00f3n de los trabajadores (en su propia actividad y en los comunicados desde la Universidad). c) Actas de reuniones realizadas donde se traten temas de prevenci\u00f3n. d) En su caso, fichas, comunicaciones o instrucciones efectuadas que incluyan elementos de P.R.L e) \u00cddem comunicaciones o demandas recibidas de empresa externa y respuestas efectuadas.<\/p>\n<p align=\"justify\">En su caso procedimientos o instrucciones internas de la Unidad en materia de prevencion y evidencias de su cumplimiento.<\/p>\n<p>\u00a0<\/p>\n<p>\u00a0<\/p>\n<p><\/span><\/span><\/p>","protected":false},"excerpt":{"rendered":"<p>Un Servicio o una Unidad deber\u00edan de disponer de la siguiente informaci\u00f3n.<br \/>\n\u00a0<\/p>\n<p>Evaluaciones iniciales de riesgos, revisiones.<br \/>\nPlanificaciones.<br \/>\nAutoevaluaciones de integraci\u00f3n (Autoevaluaci\u00f3n en apartado &#8220;prevenci\u00f3n multimedia&#8221; de esta Web.<br \/>\nRegistro de conocimiento del manual de autoprotecci\u00f3n, tel\u00e9fono de emergencia de la Universidad, y forma de dar la alama y evacuaci\u00f3n del edificio donde se ubica. Ver formatos en el [&#8230;]<\/p>\n","protected":false},"author":131,"featured_media":0,"parent":2139,"menu_order":10,"comment_status":"closed","ping_status":"open","template":"","meta":{"_links_to":"","_links_to_target":""},"_links":{"self":[{"href":"https:\/\/prevencion.umh.es\/en\/wp-json\/wp\/v2\/pages\/2142"}],"collection":[{"href":"https:\/\/prevencion.umh.es\/en\/wp-json\/wp\/v2\/pages"}],"about":[{"href":"https:\/\/prevencion.umh.es\/en\/wp-json\/wp\/v2\/types\/page"}],"author":[{"embeddable":true,"href":"https:\/\/prevencion.umh.es\/en\/wp-json\/wp\/v2\/users\/131"}],"replies":[{"embeddable":true,"href":"https:\/\/prevencion.umh.es\/en\/wp-json\/wp\/v2\/comments?post=2142"}],"version-history":[{"count":0,"href":"https:\/\/prevencion.umh.es\/en\/wp-json\/wp\/v2\/pages\/2142\/revisions"}],"up":[{"embeddable":true,"href":"https:\/\/prevencion.umh.es\/en\/wp-json\/wp\/v2\/pages\/2139"}],"wp:attachment":[{"href":"https:\/\/prevencion.umh.es\/en\/wp-json\/wp\/v2\/media?parent=2142"}],"curies":[{"name":"wp","href":"https:\/\/api.w.org\/{rel}","templated":true}]}}