{"id":2171,"date":"2011-05-17T17:30:18","date_gmt":"2011-05-17T15:30:18","guid":{"rendered":"http:\/\/prevencion.zeus.umh.es\/?page_id=2171"},"modified":"2019-12-03T13:00:48","modified_gmt":"2019-12-03T12:00:48","slug":"prevencion-de-accidentes-in-itinere-o-en-mision","status":"publish","type":"page","link":"https:\/\/prevencion.umh.es\/en\/instrucciones\/prevencion-de-accidentes-in-itinere-o-en-mision\/","title":{"rendered":"Prevencion de accidentes &#8220;in itinere&#8221; o &#8220;en mision&#8221;"},"content":{"rendered":"<p><\/p>\n<div><span style=\"font-size: medium\">La ubicaci\u00f3n de los distintos Campus de la Universidad, tiene como consecuencia que la mayor\u00eda de PDI, y PAS, utilizan veh\u00edculos privados o p\u00fablicos para desplazarse hasta y entre ellos.Este hecho, hace aparecer un factor de riesgo importante inherente pr\u00e1cticamente a todos los puestos de trabajo ( por las consecuencias que se derivan de cualquier accidente de tr\u00e1fico), de hecho los accidentes &#8220;in itinere&#8221; constituyen, por su cuant\u00eda y duraci\u00f3n de las bajas derivadas, un apartado importante en la siniestrabilidad laboral tanto en la general, como en la particular de la Universidad.<\/span><\/div>\n<div><span style=\"font-size: medium\">Se adjunta a continuaci\u00f3n un manual, facilitado por la Mutua ASEPEYO, que no pretende nada nuevo, sino que nos recuerda las normas b\u00e1sicas de circulaci\u00f3n, y de cuyo cumplimiento puede depender muchas veces la vida.<\/span><\/div>\n<div><\/div>\n<div><span style=\"font-size: medium\">Relacionado con la prevencion de este tipo de accidentes, en esta misma WEB, existe un programa interactivo de prevencion de los accidentes por trafico, facilitado por la Fundacion Valenciana de prevencion de Riesgos laborales<\/span><\/div>\n<div><\/div>\n<p><span style=\"font-size: medium\"><\/p>\n<div><span style=\"font-size: medium\">\u00a0<\/span><\/div>\n<div><span style=\"font-size: medium\">\u00a0<\/span><\/div>\n<div><span style=\"font-size: medium\">\u00a0<\/span><\/div>\n<div><span style=\"font-size: medium\">\u00a0<\/span><\/div>\n<p><span style=\"font-size: medium\">\u00a0<\/p>\n<p><\/span><\/span><\/p>\n<p><span style=\"font-size: x-small\"><a href=\"https:\/\/prevencion.umh.es\/files\/2011\/05\/prevencion-de-accidentes-in-itinere.pdf\"><strong>prevencion-de-accidentes-in-itinere<\/strong><\/a><\/span><\/p>","protected":false},"excerpt":{"rendered":"<p>La ubicaci\u00f3n de los distintos Campus de la Universidad, tiene como consecuencia que la mayor\u00eda de PDI, y PAS, utilizan veh\u00edculos privados o p\u00fablicos para desplazarse hasta y entre ellos.Este hecho, hace aparecer un factor de riesgo importante inherente pr\u00e1cticamente a todos los puestos de trabajo ( por las consecuencias que se derivan de cualquier [&#8230;]<\/p>\n","protected":false},"author":131,"featured_media":0,"parent":2107,"menu_order":60,"comment_status":"closed","ping_status":"open","template":"","meta":{"_links_to":"","_links_to_target":""},"_links":{"self":[{"href":"https:\/\/prevencion.umh.es\/en\/wp-json\/wp\/v2\/pages\/2171"}],"collection":[{"href":"https:\/\/prevencion.umh.es\/en\/wp-json\/wp\/v2\/pages"}],"about":[{"href":"https:\/\/prevencion.umh.es\/en\/wp-json\/wp\/v2\/types\/page"}],"author":[{"embeddable":true,"href":"https:\/\/prevencion.umh.es\/en\/wp-json\/wp\/v2\/users\/131"}],"replies":[{"embeddable":true,"href":"https:\/\/prevencion.umh.es\/en\/wp-json\/wp\/v2\/comments?post=2171"}],"version-history":[{"count":0,"href":"https:\/\/prevencion.umh.es\/en\/wp-json\/wp\/v2\/pages\/2171\/revisions"}],"up":[{"embeddable":true,"href":"https:\/\/prevencion.umh.es\/en\/wp-json\/wp\/v2\/pages\/2107"}],"wp:attachment":[{"href":"https:\/\/prevencion.umh.es\/en\/wp-json\/wp\/v2\/media?parent=2171"}],"curies":[{"name":"wp","href":"https:\/\/api.w.org\/{rel}","templated":true}]}}