{"id":2211,"date":"2011-06-28T11:33:10","date_gmt":"2011-06-28T09:33:10","guid":{"rendered":"http:\/\/prevencion.zeus.umh.es\/?p=2211"},"modified":"2019-03-14T12:45:55","modified_gmt":"2019-03-14T11:45:55","slug":"historial-y-situacion-del-plan","status":"publish","type":"page","link":"https:\/\/prevencion.umh.es\/en\/plan-de-prevencion\/historial-y-situacion-del-plan\/","title":{"rendered":"Historial y situaci\u00f3n del Plan"},"content":{"rendered":"<p><span style=\"color: #555555\">\u00a0A) La Universidad realiz\u00f3 la primera evaluaci\u00f3n de riesgos completa en 1998<\/p>\n<p>\u00a0B) En el a\u00f1o 2000, coincidente con la firme apuesta realizada por la calidad en la docencia e investigaci\u00f3n, la Universidad decidi\u00f3 acordar adoptar la norma experimental\u00a0 81900 Ex, para implantar un sistema de Gesti\u00f3n de la Prevenci\u00f3n de Riesgos Laborales basada en los principios de la calidad total\u00a0 integrado en el sistema de gesti\u00f3n y compatible con los de calidad y medio ambiente.<\/p>\n<p>C) A tal fin, en el mencionado a\u00f1o 2000 se aprob\u00f3:<\/p>\n<ul>\n<li>Por la entonces comisi\u00f3n Gestora de la Universidad el 19-09-2000, el documento: &#8220;Sistema de gesti\u00f3n preventiva de riesgos laborales y mejora de condiciones de trabajo del personal de la UMH&#8221; y proyecto de implantaci\u00f3n &#8220;PMCT&#8221; Plan de mejora de las condiciones de trabajo,<\/li>\n<li>El 20 de febrero de 2002, el comit\u00e9 de Seguridad y salud aprob\u00f3 el <strong>Manual de Prevenci\u00f3n en Unidades<\/strong>, que conten\u00eda las metas a conseguir, las competencias en materia de prevenci\u00f3n y modelos de documentos (en aquel momento sugeridos) como manual de referencia para toda la implantaci\u00f3n del sistema de gesti\u00f3n.<\/li>\n<li>Este manual adem\u00e1s fue presentado a posteriori por la Gerencia de la Universidad a todos los \u00f3rganos de Gobierno de Centros, Departamentos e Institutos de Investigaci\u00f3n.<\/li>\n<\/ul>\n<p>\u00a0D) <span style=\"text-decoration: underline\">La Universidad<\/span><span style=\"text-decoration: underline\"> ya ten\u00eda un plan de prevenci\u00f3n antes\u00a0 de la modificaci\u00f3n 54\/2003 de la ley de prevenci\u00f3n de riesgos laborales<\/span>, subrayando la integraci\u00f3n de la actividad preventiva en cualquier actividad, y la necesidad de establecer un Plan de Prevenci\u00f3n de Riesgos Laborales.<\/p>\n<p>\u00a0E) En esta WEB, y apartado del Plan, se explicita \u00a0el documento inicial, la situaci\u00f3n actual del Proyecto PMCT (plan de mejora de condiciones de Trabajo, la Adhesi\u00f3n de la Universidad a la Pol\u00edtica preventiva acordada por la CRUE, \u00a0y un apartado completo dedicado la documentaci\u00f3n que soporta el Sistema de Gesti\u00f3n. En otros apartados de esta web, como son los de instrucciones y los de procedimientos, se reflejan los desarrollados al amparo de este plan, al igual que el plan de emergencia, formaci\u00f3n etc&#8230;.<\/p>\n<p>\u00a0<\/p>\n<p>\u00a0<\/p>\n<p>\u00a0<\/p>\n<p><\/span><\/p>","protected":false},"excerpt":{"rendered":"<p>\u00a0A) La Universidad realiz\u00f3 la primera evaluaci\u00f3n de riesgos completa en 1998<br \/>\n\u00a0B) En el a\u00f1o 2000, coincidente con la firme apuesta realizada por la calidad en la docencia e investigaci\u00f3n, la Universidad decidi\u00f3 acordar adoptar la norma experimental\u00a0 81900 Ex, para implantar un sistema de Gesti\u00f3n de la Prevenci\u00f3n de Riesgos Laborales basada en los [&#8230;]<\/p>\n","protected":false},"author":131,"featured_media":0,"parent":2131,"menu_order":5,"comment_status":"closed","ping_status":"open","template":"","meta":{"_links_to":"","_links_to_target":""},"_links":{"self":[{"href":"https:\/\/prevencion.umh.es\/en\/wp-json\/wp\/v2\/pages\/2211"}],"collection":[{"href":"https:\/\/prevencion.umh.es\/en\/wp-json\/wp\/v2\/pages"}],"about":[{"href":"https:\/\/prevencion.umh.es\/en\/wp-json\/wp\/v2\/types\/page"}],"author":[{"embeddable":true,"href":"https:\/\/prevencion.umh.es\/en\/wp-json\/wp\/v2\/users\/131"}],"replies":[{"embeddable":true,"href":"https:\/\/prevencion.umh.es\/en\/wp-json\/wp\/v2\/comments?post=2211"}],"version-history":[{"count":0,"href":"https:\/\/prevencion.umh.es\/en\/wp-json\/wp\/v2\/pages\/2211\/revisions"}],"up":[{"embeddable":true,"href":"https:\/\/prevencion.umh.es\/en\/wp-json\/wp\/v2\/pages\/2131"}],"wp:attachment":[{"href":"https:\/\/prevencion.umh.es\/en\/wp-json\/wp\/v2\/media?parent=2211"}],"curies":[{"name":"wp","href":"https:\/\/api.w.org\/{rel}","templated":true}]}}