{"id":2270,"date":"2011-09-05T13:27:32","date_gmt":"2011-09-05T11:27:32","guid":{"rendered":"http:\/\/prevencion.zeus.umh.es\/?page_id=2270"},"modified":"2021-12-15T12:42:10","modified_gmt":"2021-12-15T11:42:10","slug":"procedimiento-para-la-gestion-de-posibles-casos-de-enfermedad-profesional","status":"publish","type":"page","link":"https:\/\/prevencion.umh.es\/en\/procedimientos\/procedimiento-para-la-gestion-de-posibles-casos-de-enfermedad-profesional\/","title":{"rendered":"Procedimiento para la gesti\u00f3n de posibles casos de enfermedad profesional"},"content":{"rendered":"<p><\/p>\n<ul>La enfermedad profesional se define como la contra\u00edda a consecuencia del trabajo ejecutado por cuenta ajena, en las actividades que se especifican en el cuadro aprobado por el R.D. 1299\/2006 y que est\u00e1 provocada por la acci\u00f3n de los elementos o sustancias que en dicho cuadro se indican para cada enfermedad profesional.<br \/>\nEl procedimiento que sigue regla el m\u00e9todo de actuaci\u00f3n en los posibles casos de enfermedad profesional que pudieran afectar al personal propio de la Universidad Miguel Hern\u00e1ndez (UMH).<\/ul>\n<p><img src=\"https:\/\/prevencion.umh.es\/files\/2008\/04\/word.gif\" alt=\"word.gif\" \/><a title=\"Gest\u00f3n de posibles casos de enfermedad profesional v 2.3\" href=\"https:\/\/prevencion.umh.es\/files\/2011\/09\/gestion-de-posibles-casos-de-enfermedad-profesional-v23.doc\"> Gest\u00f3n de posibles casos de enfermedad profesional v 2.3<\/a><\/p>\n<p><em>Ultima actualizaci\u00f3n, 29-marzo-2010 (actualizaci\u00f3n para recoger R.D. 2\/2010, por el que se modifica el Reglamento General del Mutualismo Administrativo).<\/em><\/p>","protected":false},"excerpt":{"rendered":"<p>La enfermedad profesional se define como la contra\u00edda a consecuencia del trabajo ejecutado por cuenta ajena, en las actividades que se especifican en el cuadro aprobado por el R.D. 1299\/2006 y que est\u00e1 provocada por la acci\u00f3n de los elementos o sustancias que en dicho cuadro se indican para cada enfermedad profesional.<br \/>\nEl procedimiento que sigue [&#8230;]<\/p>\n","protected":false},"author":134,"featured_media":0,"parent":2105,"menu_order":75,"comment_status":"closed","ping_status":"open","template":"","meta":{"_links_to":"","_links_to_target":""},"_links":{"self":[{"href":"https:\/\/prevencion.umh.es\/en\/wp-json\/wp\/v2\/pages\/2270"}],"collection":[{"href":"https:\/\/prevencion.umh.es\/en\/wp-json\/wp\/v2\/pages"}],"about":[{"href":"https:\/\/prevencion.umh.es\/en\/wp-json\/wp\/v2\/types\/page"}],"author":[{"embeddable":true,"href":"https:\/\/prevencion.umh.es\/en\/wp-json\/wp\/v2\/users\/134"}],"replies":[{"embeddable":true,"href":"https:\/\/prevencion.umh.es\/en\/wp-json\/wp\/v2\/comments?post=2270"}],"version-history":[{"count":0,"href":"https:\/\/prevencion.umh.es\/en\/wp-json\/wp\/v2\/pages\/2270\/revisions"}],"up":[{"embeddable":true,"href":"https:\/\/prevencion.umh.es\/en\/wp-json\/wp\/v2\/pages\/2105"}],"wp:attachment":[{"href":"https:\/\/prevencion.umh.es\/en\/wp-json\/wp\/v2\/media?parent=2270"}],"curies":[{"name":"wp","href":"https:\/\/api.w.org\/{rel}","templated":true}]}}