{"id":2567,"date":"2012-01-16T12:47:21","date_gmt":"2012-01-16T10:47:21","guid":{"rendered":"http:\/\/prevencion.zeus.umh.es\/?page_id=2567"},"modified":"2023-02-20T10:46:15","modified_gmt":"2023-02-20T09:46:15","slug":"aplicacion-informatica-para-la-gestion-de-productos-quimicos","status":"publish","type":"page","link":"https:\/\/prevencion.umh.es\/en\/01-presentacion\/aplicaciones-multimedia-sobre-temas-de-higiene\/aplicacion-informatica-para-la-gestion-de-productos-quimicos\/","title":{"rendered":"APLICACI\u00d3N INFORMATICA PARA LA GESTION DE PRODUCTOS QUIMICOS"},"content":{"rendered":"<p><\/p>\n<p><strong>Introducci\u00f3n<\/strong><\/p>\n<p>El almacenamiento de productos qu\u00edmicos en nuestros laboratorios y salas adyacentes genera una serie de riesgos que la universidad debe de gestionar. Dada la extensi\u00f3n en el n\u00famero de laboratorios y la diversidad de agentes qu\u00edmicos empleados, se considera necesario disponer de herramientas que faciliten informaci\u00f3n cualitativa y cuantitativa sobre los productos qu\u00edmicos empleados. Con este objetivo se ha desarrollado por parte del Servicio de Informatica de la UMH, con la colaboraci\u00f3n del Servicio de Prevenci\u00f3n de Riesgos Laborales de la UMH, una aplicaci\u00f3n inform\u00e1tica que permite la conocer la cantidad de los diferentes productos qu\u00edmicos almacenados en las distintas estancias, as\u00ed como una serie de par\u00e1metros relacionados con la peligrosidad de los mismos.<br \/>\nAprovechando la aplicaci\u00f3n anterior se ha procedido paralelamente a generar una entrada de datos sobre los agentes biol\u00f3gicos empleados en los laboratorios, con el objeto de conocer las estancias en las que se trabaje con agentes pat\u00f3genos.<br \/>\nLa aplicaci\u00f3n inform\u00e1tica pretende convertirse en una herramienta para la gesti\u00f3n de estos elementos y otros que se pudieran implementar en el futuro, referenci\u00e1ndolos a una localizaci\u00f3n en los edificios de la UMH.<br \/>\n<strong><img src=\"https:\/\/prevencion.umh.es\/files\/2008\/04\/pdf.gif\" alt=\"pdf.gif\" \/><a title=\"guia-de-la-aplicacion-informatica-para-la-gestion-de-productos-quimicos1.pdf\" href=\"https:\/\/prevencion.umh.es\/files\/2012\/01\/guia-de-la-aplicacion-informatica-para-la-gestion-de-productos-quimicos1.pdf\"> Gu\u00eda de la aplicaci\u00f3n inform\u00e1tica para la gesti\u00f3n de productos qu\u00edmicos<\/a><\/p>\n<p>Para ejecutarlo pulse sobre la aplicaci\u00f3n: <a href=\"http:\/\/camarillas.umh.es\/riesgos\/\" target=\"_blank\" rel=\"noopener noreferrer\"><span style=\"text-decoration: underline\">http:\/\/camarillas.umh.es\/riesgos\/<\/span><\/a><\/p>","protected":false},"excerpt":{"rendered":"<p>Introducci\u00f3n<br \/>\nEl almacenamiento de productos qu\u00edmicos en nuestros laboratorios y salas adyacentes genera una serie de riesgos que la universidad debe de gestionar. Dada la extensi\u00f3n en el n\u00famero de laboratorios y la diversidad de agentes qu\u00edmicos empleados, se considera necesario disponer de herramientas que faciliten informaci\u00f3n cualitativa y cuantitativa sobre los productos qu\u00edmicos empleados. Con [&#8230;]<\/p>\n","protected":false},"author":134,"featured_media":0,"parent":3543,"menu_order":20,"comment_status":"closed","ping_status":"open","template":"","meta":{"_links_to":"","_links_to_target":""},"_links":{"self":[{"href":"https:\/\/prevencion.umh.es\/en\/wp-json\/wp\/v2\/pages\/2567"}],"collection":[{"href":"https:\/\/prevencion.umh.es\/en\/wp-json\/wp\/v2\/pages"}],"about":[{"href":"https:\/\/prevencion.umh.es\/en\/wp-json\/wp\/v2\/types\/page"}],"author":[{"embeddable":true,"href":"https:\/\/prevencion.umh.es\/en\/wp-json\/wp\/v2\/users\/134"}],"replies":[{"embeddable":true,"href":"https:\/\/prevencion.umh.es\/en\/wp-json\/wp\/v2\/comments?post=2567"}],"version-history":[{"count":0,"href":"https:\/\/prevencion.umh.es\/en\/wp-json\/wp\/v2\/pages\/2567\/revisions"}],"up":[{"embeddable":true,"href":"https:\/\/prevencion.umh.es\/en\/wp-json\/wp\/v2\/pages\/3543"}],"wp:attachment":[{"href":"https:\/\/prevencion.umh.es\/en\/wp-json\/wp\/v2\/media?parent=2567"}],"curies":[{"name":"wp","href":"https:\/\/api.w.org\/{rel}","templated":true}]}}