{"id":2610,"date":"2012-02-15T12:52:39","date_gmt":"2012-02-15T10:52:39","guid":{"rendered":"http:\/\/prevencion.zeus.umh.es\/?page_id=2610"},"modified":"2019-12-03T13:10:15","modified_gmt":"2019-12-03T12:10:15","slug":"empresas-generadoras-de-salud","status":"publish","type":"page","link":"https:\/\/prevencion.umh.es\/en\/servicio-medico\/empresas-generadoras-de-salud\/","title":{"rendered":"Empresas Generadoras de Salud"},"content":{"rendered":"<p>Tras haberlo solicitado y presentado un programa de actuaci\u00f3n, la UMH ha obtenido el reconocimiento como Empresa Generadora de Salud, seg\u00fan el programa de la Generalitat Valenciana, el programa de la Generalitat tiene como objetivos:<br \/>\n\u2022\tElevar el nivel de salud a trav\u00e9s del acercamiento de las actividades preventivas p\u00fablicas a los lugares de trabajo y el fomento de las propias.<br \/>\n\u2022\tImpulsar la promoci\u00f3n de la salud y la prevenci\u00f3n de la enfermedad a trav\u00e9s de las empresas de la Comunidad Valenciana.<br \/>\n\u2022\tMejorar la coordinaci\u00f3n de estas acciones entre la estructura sanitaria p\u00fablica y las correspondientes a las empresas, a trav\u00e9s de los SPRL (Servicios de Prevenci\u00f3n) y MATEPSS (Mutuas de Accidentes de Trabajo).<br \/>\n\u2022\tIntegrar a los SPRL y MATEPSS en el Plan de Salud de la Comunidad Valenciana.<\/p>\n<p>En el desarrollo del plan la UMH va a desarrollar, entre otras, las siguientes actividades:<\/p>\n<p>\u2022\tRealizaci\u00f3n de la campa\u00f1a de vacunaci\u00f3n estacional (gripe), que se desarrollar\u00e1 desde la segunda quincena del mes de octubre hasta finales de noviembre, realizando una campa\u00f1a de informaci\u00f3n precedente para que el personal de la Universidad pueda  vacunarse en todos y cada uno de los campus donde se desplazar\u00e1 personal del servicio m\u00e9dico.<br \/>\n\u2022\tInformaci\u00f3n y derivaci\u00f3n a los centros de vacunaci\u00f3n internacional de los trabajadores que vayan a realizar trabajos al extranjero, y en los que est\u00e9 indicada la vacunaci\u00f3n.<br \/>\n\u2022\tRealizaci\u00f3n de tres cursos anuales de deshabituaci\u00f3n tab\u00e1quica, ya programados en el apartado de formaci\u00f3n.<br \/>\n\u2022\tRealizaci\u00f3n de dos Jornadas anuales de Maternidad y Riesgos Laborales, ya programados en el apartado de formaci\u00f3n.<br \/>\n\u2022\tInformar a las trabajadoras embarazadas con atenci\u00f3n a trav\u00e9s del AVS, de la existencia del programa de control de embarazo y derivaci\u00f3n  de las trabajadoras embarazadas a Atenci\u00f3n Primaria para su inclusi\u00f3n en el programa de seguimiento del embarazo.<\/p>\n<p><a href='https:\/\/prevencion.umh.es\/files\/2012\/02\/certificado1.pdf'>Certificado obtenido como Empresa Generadora de Salud<\/a><\/p>","protected":false},"excerpt":{"rendered":"<p>Tras haberlo solicitado y presentado un programa de actuaci\u00f3n, la UMH ha obtenido el reconocimiento como Empresa Generadora de Salud, seg\u00fan el programa de la Generalitat Valenciana, el programa de la Generalitat tiene como objetivos:<br \/>\n\u2022\tElevar el nivel de salud a trav\u00e9s del acercamiento de las actividades preventivas p\u00fablicas a los lugares de trabajo y el [&#8230;]<\/p>\n","protected":false},"author":134,"featured_media":0,"parent":2108,"menu_order":70,"comment_status":"closed","ping_status":"open","template":"","meta":{"_links_to":"","_links_to_target":""},"_links":{"self":[{"href":"https:\/\/prevencion.umh.es\/en\/wp-json\/wp\/v2\/pages\/2610"}],"collection":[{"href":"https:\/\/prevencion.umh.es\/en\/wp-json\/wp\/v2\/pages"}],"about":[{"href":"https:\/\/prevencion.umh.es\/en\/wp-json\/wp\/v2\/types\/page"}],"author":[{"embeddable":true,"href":"https:\/\/prevencion.umh.es\/en\/wp-json\/wp\/v2\/users\/134"}],"replies":[{"embeddable":true,"href":"https:\/\/prevencion.umh.es\/en\/wp-json\/wp\/v2\/comments?post=2610"}],"version-history":[{"count":0,"href":"https:\/\/prevencion.umh.es\/en\/wp-json\/wp\/v2\/pages\/2610\/revisions"}],"up":[{"embeddable":true,"href":"https:\/\/prevencion.umh.es\/en\/wp-json\/wp\/v2\/pages\/2108"}],"wp:attachment":[{"href":"https:\/\/prevencion.umh.es\/en\/wp-json\/wp\/v2\/media?parent=2610"}],"curies":[{"name":"wp","href":"https:\/\/api.w.org\/{rel}","templated":true}]}}