{"id":2639,"date":"2012-05-15T08:40:24","date_gmt":"2012-05-15T08:40:24","guid":{"rendered":"http:\/\/prevencion.zeus.umh.es\/01-presentacion\/metodo-simplificado-de-valoracion-del-riesgo-quimico\/"},"modified":"2016-07-15T13:24:27","modified_gmt":"2016-07-15T11:24:27","slug":"metodo-simplificado-de-valoracion-del-riesgo-quimico","status":"publish","type":"page","link":"https:\/\/prevencion.umh.es\/en\/01-presentacion\/metodo-simplificado-de-valoracion-del-riesgo-quimico\/","title":{"rendered":"<span lang=\"es\">(Espa\u00f1ol) M\u00e9todo simplificado de valoraci\u00f3n del riesgo qu\u00edmico.<\/span>"},"content":{"rendered":"<p class=\"qtranxs-available-languages-message qtranxs-available-languages-message-en\">Sorry, this entry is only available in <a href=\"https:\/\/prevencion.umh.es\/es\/wp-json\/wp\/v2\/pages\/2639\" class=\"qtranxs-available-language-link qtranxs-available-language-link-es\" title=\"Espa\u00f1ol\">European Spanish<\/a>.<\/p>","protected":false},"excerpt":{"rendered":"<p>Sorry, this entry is only available in European Spanish.<\/p>\n","protected":false},"author":1,"featured_media":0,"parent":1757,"menu_order":30,"comment_status":"closed","ping_status":"open","template":"","meta":{"_links_to":"","_links_to_target":""},"_links":{"self":[{"href":"https:\/\/prevencion.umh.es\/en\/wp-json\/wp\/v2\/pages\/2639"}],"collection":[{"href":"https:\/\/prevencion.umh.es\/en\/wp-json\/wp\/v2\/pages"}],"about":[{"href":"https:\/\/prevencion.umh.es\/en\/wp-json\/wp\/v2\/types\/page"}],"author":[{"embeddable":true,"href":"https:\/\/prevencion.umh.es\/en\/wp-json\/wp\/v2\/users\/1"}],"replies":[{"embeddable":true,"href":"https:\/\/prevencion.umh.es\/en\/wp-json\/wp\/v2\/comments?post=2639"}],"version-history":[{"count":0,"href":"https:\/\/prevencion.umh.es\/en\/wp-json\/wp\/v2\/pages\/2639\/revisions"}],"up":[{"embeddable":true,"href":"https:\/\/prevencion.umh.es\/en\/wp-json\/wp\/v2\/pages\/1757"}],"wp:attachment":[{"href":"https:\/\/prevencion.umh.es\/en\/wp-json\/wp\/v2\/media?parent=2639"}],"curies":[{"name":"wp","href":"https:\/\/api.w.org\/{rel}","templated":true}]}}