{"id":2787,"date":"2013-04-24T12:20:32","date_gmt":"2013-04-24T10:20:32","guid":{"rendered":"http:\/\/prevencion.umh.es\/01-presentacion\/material-multimedia-informativo\/formacion-de-prevencion-en-el-laboratorio\/"},"modified":"2014-10-21T16:58:27","modified_gmt":"2014-10-21T14:58:27","slug":"formacion-de-prevencion-en-el-laboratorio","status":"publish","type":"page","link":"https:\/\/prevencion.umh.es\/en\/01-presentacion\/material-multimedia-informativo\/formacion-de-prevencion-en-el-laboratorio\/","title":{"rendered":"<span lang=\"es\">(Espa\u00f1ol) Formaci\u00f3n de prevenci\u00f3n en el laboratorio<\/span>"},"content":{"rendered":"<p class=\"qtranxs-available-languages-message qtranxs-available-languages-message-en\">Sorry, this entry is only available in <a href=\"https:\/\/prevencion.umh.es\/es\/wp-json\/wp\/v2\/pages\/2787\" class=\"qtranxs-available-language-link qtranxs-available-language-link-es\" title=\"Espa\u00f1ol\">European Spanish<\/a>.<\/p>","protected":false},"excerpt":{"rendered":"<p>Sorry, this entry is only available in European Spanish.<\/p>\n","protected":false},"author":134,"featured_media":0,"parent":2751,"menu_order":10,"comment_status":"closed","ping_status":"open","template":"","meta":{"_links_to":"","_links_to_target":""},"_links":{"self":[{"href":"https:\/\/prevencion.umh.es\/en\/wp-json\/wp\/v2\/pages\/2787"}],"collection":[{"href":"https:\/\/prevencion.umh.es\/en\/wp-json\/wp\/v2\/pages"}],"about":[{"href":"https:\/\/prevencion.umh.es\/en\/wp-json\/wp\/v2\/types\/page"}],"author":[{"embeddable":true,"href":"https:\/\/prevencion.umh.es\/en\/wp-json\/wp\/v2\/users\/134"}],"replies":[{"embeddable":true,"href":"https:\/\/prevencion.umh.es\/en\/wp-json\/wp\/v2\/comments?post=2787"}],"version-history":[{"count":0,"href":"https:\/\/prevencion.umh.es\/en\/wp-json\/wp\/v2\/pages\/2787\/revisions"}],"up":[{"embeddable":true,"href":"https:\/\/prevencion.umh.es\/en\/wp-json\/wp\/v2\/pages\/2751"}],"wp:attachment":[{"href":"https:\/\/prevencion.umh.es\/en\/wp-json\/wp\/v2\/media?parent=2787"}],"curies":[{"name":"wp","href":"https:\/\/api.w.org\/{rel}","templated":true}]}}