{"id":2809,"date":"2013-05-20T14:49:46","date_gmt":"2013-05-20T12:49:46","guid":{"rendered":"http:\/\/prevencion.umh.es\/instrucciones\/instruccion-sobre-las-condiciones-de-prevencion-de-riesgos-laborales-en-la-realizacion-de-proyectos-en-la-umh\/"},"modified":"2019-05-02T13:18:52","modified_gmt":"2019-05-02T11:18:52","slug":"instruccion-sobre-las-condiciones-de-prevencion-de-riesgos-laborales-en-la-realizacion-de-proyectos-en-la-umh","status":"publish","type":"page","link":"https:\/\/prevencion.umh.es\/en\/instrucciones\/instruccion-sobre-las-condiciones-de-prevencion-de-riesgos-laborales-en-la-realizacion-de-proyectos-en-la-umh\/","title":{"rendered":"<span lang=\"es\">(Espa\u00f1ol) IT-05. Instrucci\u00f3n sobre las condiciones de Prevenci\u00f3n de Riesgos Laborales en la realizaci\u00f3n de proyectos de investigaci\u00f3n en la UMH<\/span>"},"content":{"rendered":"<p class=\"qtranxs-available-languages-message qtranxs-available-languages-message-en\">Sorry, this entry is only available in <a href=\"https:\/\/prevencion.umh.es\/es\/wp-json\/wp\/v2\/pages\/2809\" class=\"qtranxs-available-language-link qtranxs-available-language-link-es\" title=\"Espa\u00f1ol\">European Spanish<\/a>.<\/p>","protected":false},"excerpt":{"rendered":"<p>Sorry, this entry is only available in European Spanish.<\/p>\n","protected":false},"author":134,"featured_media":0,"parent":2107,"menu_order":45,"comment_status":"closed","ping_status":"open","template":"","meta":{"_links_to":"","_links_to_target":""},"_links":{"self":[{"href":"https:\/\/prevencion.umh.es\/en\/wp-json\/wp\/v2\/pages\/2809"}],"collection":[{"href":"https:\/\/prevencion.umh.es\/en\/wp-json\/wp\/v2\/pages"}],"about":[{"href":"https:\/\/prevencion.umh.es\/en\/wp-json\/wp\/v2\/types\/page"}],"author":[{"embeddable":true,"href":"https:\/\/prevencion.umh.es\/en\/wp-json\/wp\/v2\/users\/134"}],"replies":[{"embeddable":true,"href":"https:\/\/prevencion.umh.es\/en\/wp-json\/wp\/v2\/comments?post=2809"}],"version-history":[{"count":0,"href":"https:\/\/prevencion.umh.es\/en\/wp-json\/wp\/v2\/pages\/2809\/revisions"}],"up":[{"embeddable":true,"href":"https:\/\/prevencion.umh.es\/en\/wp-json\/wp\/v2\/pages\/2107"}],"wp:attachment":[{"href":"https:\/\/prevencion.umh.es\/en\/wp-json\/wp\/v2\/media?parent=2809"}],"curies":[{"name":"wp","href":"https:\/\/api.w.org\/{rel}","templated":true}]}}