{"id":2813,"date":"2013-05-28T17:23:33","date_gmt":"2013-05-28T15:23:33","guid":{"rendered":"http:\/\/prevencion.umh.es\/01-presentacion\/material-multimedia-informativo\/aplicacion-multimedia-sobre-el-mantenimiento-de-instalaciones-de-proteccion-contra-incendios\/"},"modified":"2013-05-28T17:24:28","modified_gmt":"2013-05-28T15:24:28","slug":"aplicacion-multimedia-sobre-el-mantenimiento-de-instalaciones-de-proteccion-contra-incendios","status":"publish","type":"page","link":"https:\/\/prevencion.umh.es\/en\/01-presentacion\/material-multimedia-informativo\/aplicacion-multimedia-sobre-el-mantenimiento-de-instalaciones-de-proteccion-contra-incendios\/","title":{"rendered":"<span lang=\"es\">(Espa\u00f1ol) Aplicaci\u00f3n multimedia sobre el Mantenimiento de Instalaciones de Protecci\u00f3n contra Incendios<\/span>"},"content":{"rendered":"<p><\/p>\n<p><\/p>","protected":false},"excerpt":{"rendered":"","protected":false},"author":139,"featured_media":0,"parent":2751,"menu_order":50,"comment_status":"closed","ping_status":"open","template":"","meta":{"_links_to":"","_links_to_target":""},"_links":{"self":[{"href":"https:\/\/prevencion.umh.es\/en\/wp-json\/wp\/v2\/pages\/2813"}],"collection":[{"href":"https:\/\/prevencion.umh.es\/en\/wp-json\/wp\/v2\/pages"}],"about":[{"href":"https:\/\/prevencion.umh.es\/en\/wp-json\/wp\/v2\/types\/page"}],"author":[{"embeddable":true,"href":"https:\/\/prevencion.umh.es\/en\/wp-json\/wp\/v2\/users\/139"}],"replies":[{"embeddable":true,"href":"https:\/\/prevencion.umh.es\/en\/wp-json\/wp\/v2\/comments?post=2813"}],"version-history":[{"count":0,"href":"https:\/\/prevencion.umh.es\/en\/wp-json\/wp\/v2\/pages\/2813\/revisions"}],"up":[{"embeddable":true,"href":"https:\/\/prevencion.umh.es\/en\/wp-json\/wp\/v2\/pages\/2751"}],"wp:attachment":[{"href":"https:\/\/prevencion.umh.es\/en\/wp-json\/wp\/v2\/media?parent=2813"}],"curies":[{"name":"wp","href":"https:\/\/api.w.org\/{rel}","templated":true}]}}