{"id":2997,"date":"2014-07-30T15:19:14","date_gmt":"2014-07-30T13:19:14","guid":{"rendered":"http:\/\/prevencion.umh.es\/?page_id=2997"},"modified":"2016-10-27T21:06:18","modified_gmt":"2016-10-27T19:06:18","slug":"sustitucion-de-productos-quimicos-peligrosos","status":"publish","type":"page","link":"https:\/\/prevencion.umh.es\/en\/informacion-en-prl\/sustitucion-de-productos-quimicos-peligrosos\/","title":{"rendered":"<span lang=\"es\">(Espa\u00f1ol) Sustituci\u00f3n de productos qu\u00edmicos peligrosos<\/span>"},"content":{"rendered":"<p><a href=\"https:\/\/prevencion.umh.es\/files\/2014\/07\/PROGRAMA-Substitucion-PQ.pdf\">PROGRAMA Substitucion PQ<\/a><\/p>","protected":false},"excerpt":{"rendered":"<p>PROGRAMA Substitucion PQ<\/p>\n","protected":false},"author":134,"featured_media":0,"parent":2204,"menu_order":70,"comment_status":"closed","ping_status":"open","template":"","meta":{"_links_to":"","_links_to_target":""},"_links":{"self":[{"href":"https:\/\/prevencion.umh.es\/en\/wp-json\/wp\/v2\/pages\/2997"}],"collection":[{"href":"https:\/\/prevencion.umh.es\/en\/wp-json\/wp\/v2\/pages"}],"about":[{"href":"https:\/\/prevencion.umh.es\/en\/wp-json\/wp\/v2\/types\/page"}],"author":[{"embeddable":true,"href":"https:\/\/prevencion.umh.es\/en\/wp-json\/wp\/v2\/users\/134"}],"replies":[{"embeddable":true,"href":"https:\/\/prevencion.umh.es\/en\/wp-json\/wp\/v2\/comments?post=2997"}],"version-history":[{"count":0,"href":"https:\/\/prevencion.umh.es\/en\/wp-json\/wp\/v2\/pages\/2997\/revisions"}],"up":[{"embeddable":true,"href":"https:\/\/prevencion.umh.es\/en\/wp-json\/wp\/v2\/pages\/2204"}],"wp:attachment":[{"href":"https:\/\/prevencion.umh.es\/en\/wp-json\/wp\/v2\/media?parent=2997"}],"curies":[{"name":"wp","href":"https:\/\/api.w.org\/{rel}","templated":true}]}}