{"id":3435,"date":"2016-06-29T15:18:48","date_gmt":"2016-06-29T13:18:48","guid":{"rendered":"http:\/\/prevencion.umh.es\/?page_id=3435"},"modified":"2017-06-08T09:24:24","modified_gmt":"2017-06-08T07:24:24","slug":"it-12-instruccion-para-el-transporte-de-animales-modificados-geneticamente-entre-edificios-o-campus-de-la-umh","status":"publish","type":"page","link":"https:\/\/prevencion.umh.es\/en\/instrucciones\/it-12-instruccion-para-el-transporte-de-animales-modificados-geneticamente-entre-edificios-o-campus-de-la-umh\/","title":{"rendered":"<span lang=\"es\">(Espa\u00f1ol) IT-12. Instrucci\u00f3n para el transporte de animales modificados gen\u00e9ticamente entre edificios o campus de la UMH.<\/span>"},"content":{"rendered":"<p class=\"qtranxs-available-languages-message qtranxs-available-languages-message-en\">Sorry, this entry is only available in <a href=\"https:\/\/prevencion.umh.es\/es\/wp-json\/wp\/v2\/pages\/3435\" class=\"qtranxs-available-language-link qtranxs-available-language-link-es\" title=\"Espa\u00f1ol\">European Spanish<\/a>.<\/p>","protected":false},"excerpt":{"rendered":"<p>Sorry, this entry is only available in European Spanish.<\/p>\n","protected":false},"author":134,"featured_media":0,"parent":2107,"menu_order":110,"comment_status":"closed","ping_status":"open","template":"","meta":{"_links_to":"","_links_to_target":""},"_links":{"self":[{"href":"https:\/\/prevencion.umh.es\/en\/wp-json\/wp\/v2\/pages\/3435"}],"collection":[{"href":"https:\/\/prevencion.umh.es\/en\/wp-json\/wp\/v2\/pages"}],"about":[{"href":"https:\/\/prevencion.umh.es\/en\/wp-json\/wp\/v2\/types\/page"}],"author":[{"embeddable":true,"href":"https:\/\/prevencion.umh.es\/en\/wp-json\/wp\/v2\/users\/134"}],"replies":[{"embeddable":true,"href":"https:\/\/prevencion.umh.es\/en\/wp-json\/wp\/v2\/comments?post=3435"}],"version-history":[{"count":0,"href":"https:\/\/prevencion.umh.es\/en\/wp-json\/wp\/v2\/pages\/3435\/revisions"}],"up":[{"embeddable":true,"href":"https:\/\/prevencion.umh.es\/en\/wp-json\/wp\/v2\/pages\/2107"}],"wp:attachment":[{"href":"https:\/\/prevencion.umh.es\/en\/wp-json\/wp\/v2\/media?parent=3435"}],"curies":[{"name":"wp","href":"https:\/\/api.w.org\/{rel}","templated":true}]}}