{"id":3563,"date":"2016-12-02T15:13:47","date_gmt":"2016-12-02T14:13:47","guid":{"rendered":"https:\/\/prevencion.umh.es\/?page_id=3563"},"modified":"2023-01-23T15:21:34","modified_gmt":"2023-01-23T14:21:34","slug":"it-14-instruccion-para-la-coordinacion-de-riesgos-laborales-de-trabajadores-desplazados","status":"publish","type":"page","link":"https:\/\/prevencion.umh.es\/en\/instrucciones\/it-14-instruccion-para-la-coordinacion-de-riesgos-laborales-de-trabajadores-desplazados\/","title":{"rendered":"<span lang=\"es\">(Espa\u00f1ol) IT-14. Instrucci\u00f3n para la coordinaci\u00f3n de riesgos laborales de personas trabajadoras desplazadas.<\/span>"},"content":{"rendered":"<p class=\"qtranxs-available-languages-message qtranxs-available-languages-message-en\">Sorry, this entry is only available in <a href=\"https:\/\/prevencion.umh.es\/es\/wp-json\/wp\/v2\/pages\/3563\" class=\"qtranxs-available-language-link qtranxs-available-language-link-es\" title=\"Espa\u00f1ol\">European Spanish<\/a>.<\/p>","protected":false},"excerpt":{"rendered":"<p>Sorry, this entry is only available in European Spanish.<\/p>\n","protected":false},"author":134,"featured_media":0,"parent":2107,"menu_order":130,"comment_status":"closed","ping_status":"closed","template":"","meta":{"_links_to":"","_links_to_target":""},"_links":{"self":[{"href":"https:\/\/prevencion.umh.es\/en\/wp-json\/wp\/v2\/pages\/3563"}],"collection":[{"href":"https:\/\/prevencion.umh.es\/en\/wp-json\/wp\/v2\/pages"}],"about":[{"href":"https:\/\/prevencion.umh.es\/en\/wp-json\/wp\/v2\/types\/page"}],"author":[{"embeddable":true,"href":"https:\/\/prevencion.umh.es\/en\/wp-json\/wp\/v2\/users\/134"}],"replies":[{"embeddable":true,"href":"https:\/\/prevencion.umh.es\/en\/wp-json\/wp\/v2\/comments?post=3563"}],"version-history":[{"count":0,"href":"https:\/\/prevencion.umh.es\/en\/wp-json\/wp\/v2\/pages\/3563\/revisions"}],"up":[{"embeddable":true,"href":"https:\/\/prevencion.umh.es\/en\/wp-json\/wp\/v2\/pages\/2107"}],"wp:attachment":[{"href":"https:\/\/prevencion.umh.es\/en\/wp-json\/wp\/v2\/media?parent=3563"}],"curies":[{"name":"wp","href":"https:\/\/api.w.org\/{rel}","templated":true}]}}